{"id":4236,"date":"2022-04-11T11:03:22","date_gmt":"2022-04-11T09:03:22","guid":{"rendered":"https:\/\/supandsail.com\/politica-de-cookies\/"},"modified":"2022-04-11T11:03:22","modified_gmt":"2022-04-11T11:03:22","slug":"politica-de-cookies","status":"publish","type":"page","link":"https:\/\/supandsail.com\/ca\/politica-de-cookies\/","title":{"rendered":"Pol\u00edtica de Cookies"},"content":{"rendered":"\t\t<div data-elementor-type=\"wp-page\" data-elementor-id=\"4236\" class=\"elementor elementor-4236 elementor-273\">\n\t\t\t\t\t\t<section data-exad-particle-enable=\"false\" class=\"elementor-section elementor-top-section elementor-element elementor-element-6b34e321 elementor-section-boxed elementor-section-height-default elementor-section-height-default exad-parallax-effect-no exad-background-color-change-no exad-glass-effect-no exad-sticky-section-no\" data-id=\"6b34e321\" data-element_type=\"section\" data-e-type=\"section\">\n\t\t\t\t\t\t<div class=\"elementor-container elementor-column-gap-extended\">\n\t\t\t\t\t<div class=\"elementor-column elementor-col-100 elementor-top-column elementor-element elementor-element-c80be7c sc_inner_width_none sc_layouts_column_icons_position_left exad-glass-effect-no exad-sticky-section-no\" data-id=\"c80be7c\" data-element_type=\"column\" data-e-type=\"column\">\n\t\t\t<div class=\"elementor-widget-wrap elementor-element-populated\">\n\t\t\t\t\t\t<div class=\"elementor-element elementor-element-615786e6 exad-sticky-section-no exad-glass-effect-no sc_fly_static elementor-widget elementor-widget-text-editor\" data-id=\"615786e6\" data-element_type=\"widget\" data-e-type=\"widget\" data-widget_type=\"text-editor.default\">\n\t\t\t\t<div class=\"elementor-widget-container\">\n\t\t\t\t\t\t\t\t\t<div style=\"color: rgb(0, 0, 0); font-size: medium; font-style: normal; font-weight: 400; letter-spacing: normal; border-top-width: initial; border-style: none none solid; border-right-width: initial; border-left-width: initial; border-bottom-width: 1pt; border-bottom-color: rgb(230, 230, 230); padding: 0cm 0cm 31pt; background: white;\">\n<p class=\"MsoNormal\" style=\"margin: 0cm 0cm 0.0001pt; font-size: 12pt; font-family: Calibri, sans-serif; background-image: initial; background-position: initial; background-size: initial; background-repeat: initial; background-attachment: initial; background-origin: initial; background-clip: initial; border-width: initial; border-style: none; padding: 0cm;\"><b><span style=\"font-size: 36pt; color: rgb(50, 50, 93);\"><br><\/span><\/b><\/p><p class=\"MsoNormal\" style=\"margin: 0cm 0cm 0.0001pt; font-size: 12pt; font-family: Calibri, sans-serif; background-image: initial; background-position: initial; background-size: initial; background-repeat: initial; background-attachment: initial; background-origin: initial; background-clip: initial; border-width: initial; border-style: none; padding: 0cm;\"><b><span style=\"font-size: 36pt; color: rgb(50, 50, 93);\"><br><\/span><\/b><\/p><p class=\"MsoNormal\" style=\"margin: 0cm 0cm 0.0001pt; font-size: 12pt; font-family: Calibri, sans-serif; background-image: initial; background-position: initial; background-size: initial; background-repeat: initial; background-attachment: initial; background-origin: initial; background-clip: initial; border-width: initial; border-style: none; padding: 0cm;\"><b><span style=\"font-size: 36pt; color: rgb(50, 50, 93);\">Pol\u00edtica de cookies<o:p><\/o:p><\/span><\/b><\/p>\n<\/div>\n<p class=\"MsoNormal\" style=\"margin: 15pt 0cm 7.5pt; font-size: 12pt; font-family: Calibri, sans-serif; color: rgb(0, 0, 0); font-style: normal; font-weight: 400; letter-spacing: normal;\"><b><span style=\"font-size: 22.5pt; color: rgb(81, 81, 81);\"><br><\/span><\/b><\/p><p class=\"MsoNormal\" style=\"margin: 15pt 0cm 7.5pt; font-size: 12pt; font-family: Calibri, sans-serif; color: rgb(0, 0, 0); font-style: normal; font-weight: 400; letter-spacing: normal;\"><b><span style=\"font-size: 22.5pt; color: rgb(81, 81, 81);\">Qui\u00e9nes somos<o:p><\/o:p><\/span><\/b><\/p>\n<p class=\"MsoNormal\" style=\"margin: 0cm 0cm 7.5pt; font-size: 12pt; font-family: Calibri, sans-serif; color: rgb(0, 0, 0); font-style: normal; font-weight: 400; letter-spacing: normal;\"><span style=\"color: rgb(57, 57, 57);\">La direcci\u00f3n de nuestra web es: https:\/\/supandsail.com\/<o:p><\/o:p><\/span><\/p>\n<p class=\"MsoNormal\" style=\"margin: 15pt 0cm 7.5pt; font-size: 12pt; font-family: Calibri, sans-serif; color: rgb(0, 0, 0); font-style: normal; font-weight: 400; letter-spacing: normal;\"><b><span style=\"font-size: 22.5pt; color: rgb(81, 81, 81);\"><br><\/span><\/b><\/p><p class=\"MsoNormal\" style=\"margin: 15pt 0cm 7.5pt; font-size: 12pt; font-family: Calibri, sans-serif; color: rgb(0, 0, 0); font-style: normal; font-weight: 400; letter-spacing: normal;\"><b><span style=\"font-size: 22.5pt; color: rgb(81, 81, 81);\"><br><\/span><\/b><\/p><p class=\"MsoNormal\" style=\"margin: 15pt 0cm 7.5pt; font-size: 12pt; font-family: Calibri, sans-serif; color: rgb(0, 0, 0); font-style: normal; font-weight: 400; letter-spacing: normal;\"><b><span style=\"font-size: 22.5pt; color: rgb(81, 81, 81);\">Qu\u00e9 datos personales recogemos y por qu\u00e9 los recogemos<o:p><\/o:p><\/span><\/b><\/p>\n<p class=\"MsoNormal\" style=\"margin: 7.5pt 0cm; font-size: 12pt; font-family: Calibri, sans-serif; color: rgb(0, 0, 0); font-style: normal; font-weight: 400; letter-spacing: normal;\"><b><span style=\"font-size: 19pt; color: rgb(81, 81, 81);\"><br><\/span><\/b><\/p><p class=\"MsoNormal\" style=\"margin: 7.5pt 0cm; font-size: 12pt; font-family: Calibri, sans-serif; color: rgb(0, 0, 0); font-style: normal; font-weight: 400; letter-spacing: normal;\"><b><span style=\"font-size: 19pt; color: rgb(81, 81, 81);\">Comentarios<o:p><\/o:p><\/span><\/b><\/p>\n<p class=\"MsoNormal\" style=\"margin: 0cm 0cm 7.5pt; font-size: 12pt; font-family: Calibri, sans-serif; color: rgb(0, 0, 0); font-style: normal; font-weight: 400; letter-spacing: normal;\"><span style=\"color: rgb(57, 57, 57);\">Cuando los visitantes dejan comentarios en la web, recopilamos los datos que se muestran en el formulario de comentarios, as\u00ed como la direcci\u00f3n IP del visitante y la cadena de agentes de usuario del navegador para ayudar a la detecci\u00f3n de spam.<o:p><\/o:p><\/span><\/p>\n<p class=\"MsoNormal\" style=\"margin: 0cm 0cm 7.5pt; font-size: 12pt; font-family: Calibri, sans-serif; color: rgb(0, 0, 0); font-style: normal; font-weight: 400; letter-spacing: normal;\"><span style=\"color: rgb(57, 57, 57);\">Una cadena an\u00f3nima creada a partir de tu direcci\u00f3n de correo electr\u00f3nico (tambi\u00e9n llamada hash) puede ser proporcionada al servicio de Gravatar para ver si la est\u00e1s usando. La pol\u00edtica de privacidad del servicio Gravatar est\u00e1 disponible aqu\u00ed: https:\/\/automattic.com\/privacy\/. Despu\u00e9s de la aprobaci\u00f3n de tu comentario, la imagen de tu perfil es visible para el p\u00fablico en el contexto de su comentario.<o:p><\/o:p><\/span><\/p>\n<p class=\"MsoNormal\" style=\"margin: 7.5pt 0cm; font-size: 12pt; font-family: Calibri, sans-serif; color: rgb(0, 0, 0); font-style: normal; font-weight: 400; letter-spacing: normal;\"><b><span style=\"font-size: 19pt; color: rgb(81, 81, 81);\"><br><\/span><\/b><\/p><p class=\"MsoNormal\" style=\"margin: 7.5pt 0cm; font-size: 12pt; font-family: Calibri, sans-serif; color: rgb(0, 0, 0); font-style: normal; font-weight: 400; letter-spacing: normal;\"><b><span style=\"font-size: 19pt; color: rgb(81, 81, 81);\">Medios<o:p><\/o:p><\/span><\/b><\/p>\n<p class=\"MsoNormal\" style=\"margin: 0cm 0cm 7.5pt; font-size: 12pt; font-family: Calibri, sans-serif; color: rgb(0, 0, 0); font-style: normal; font-weight: 400; letter-spacing: normal;\"><span style=\"color: rgb(57, 57, 57);\">Si subes im\u00e1genes a la web deber\u00edas evitar subir im\u00e1genes con datos de ubicaci\u00f3n (GPS EXIF) incluidos. Los visitantes de la web pueden descargar y extraer cualquier dato de localizaci\u00f3n de las im\u00e1genes de la web.<o:p><\/o:p><\/span><\/p>\n<p class=\"MsoNormal\" style=\"margin: 7.5pt 0cm; font-size: 12pt; font-family: Calibri, sans-serif; color: rgb(0, 0, 0); font-style: normal; font-weight: 400; letter-spacing: normal;\"><b><span style=\"font-size: 19pt; color: rgb(81, 81, 81);\"><br><\/span><\/b><\/p><p class=\"MsoNormal\" style=\"margin: 7.5pt 0cm; font-size: 12pt; font-family: Calibri, sans-serif; color: rgb(0, 0, 0); font-style: normal; font-weight: 400; letter-spacing: normal;\"><b><span style=\"font-size: 19pt; color: rgb(81, 81, 81);\">Formularios de contacto &#8211;&nbsp;<\/span><\/b><b style=\"font-size: 12pt;\"><span style=\"font-size: 19pt; color: rgb(81, 81, 81);\">Cookies<\/span><\/b><\/p>\n<p class=\"MsoNormal\" style=\"margin: 0cm 0cm 7.5pt; font-size: 12pt; font-family: Calibri, sans-serif; color: rgb(0, 0, 0); font-style: normal; font-weight: 400; letter-spacing: normal;\"><span style=\"color: rgb(57, 57, 57);\">Si dejas un comentario en nuestro sitio puedes elegir guardar tu nombre, direcci\u00f3n de correo electr\u00f3nico y web en cookies. Esto es para tu comodidad, para que no tengas que volver a rellenar tus datos cuando dejes otro comentario. Estas cookies tendr\u00e1n una duraci\u00f3n de un a\u00f1o.<o:p><\/o:p><\/span><\/p>\n<p class=\"MsoNormal\" style=\"margin: 0cm 0cm 7.5pt; font-size: 12pt; font-family: Calibri, sans-serif; color: rgb(0, 0, 0); font-style: normal; font-weight: 400; letter-spacing: normal;\"><span style=\"color: rgb(57, 57, 57);\">Si tienes una cuenta y te conectas a este sitio, instalaremos una cookie temporal para determinar si tu navegador acepta cookies. Esta cookie no contiene datos personales y se elimina al cerrar el navegador.<o:p><\/o:p><\/span><\/p>\n<p class=\"MsoNormal\" style=\"margin: 0cm 0cm 7.5pt; font-size: 12pt; font-family: Calibri, sans-serif; color: rgb(0, 0, 0); font-style: normal; font-weight: 400; letter-spacing: normal;\"><span style=\"color: rgb(57, 57, 57);\">Cuando inicias sesi\u00f3n, tambi\u00e9n instalaremos varias cookies para guardar tu informaci\u00f3n de inicio de sesi\u00f3n y tus opciones de visualizaci\u00f3n de pantalla. Las cookies de inicio de sesi\u00f3n duran dos d\u00edas, y las cookies de opciones de pantalla duran un a\u00f1o. Si seleccionas \u00abRecordarme\u00bb, tu inicio de sesi\u00f3n perdurar\u00e1 durante dos semanas. Si sales de tu cuenta, las cookies de inicio de sesi\u00f3n se eliminar\u00e1n.<o:p><\/o:p><\/span><\/p>\n<p class=\"MsoNormal\" style=\"margin: 0cm 0cm 7.5pt; font-size: 12pt; font-family: Calibri, sans-serif; color: rgb(0, 0, 0); font-style: normal; font-weight: 400; letter-spacing: normal;\"><span style=\"color: rgb(57, 57, 57);\">Si editas o publicas un art\u00edculo se guardar\u00e1 una cookie adicional en tu navegador. Esta cookie no incluye datos personales y simplemente indica el ID del art\u00edculo que acabas de editar. Caduca despu\u00e9s de 1 d\u00eda.<o:p><\/o:p><\/span><\/p>\n<p class=\"MsoNormal\" style=\"margin: 7.5pt 0cm; font-size: 12pt; font-family: Calibri, sans-serif; color: rgb(0, 0, 0); font-style: normal; font-weight: 400; letter-spacing: normal;\"><b><span style=\"font-size: 19pt; color: rgb(81, 81, 81);\"><br><\/span><\/b><\/p><p class=\"MsoNormal\" style=\"margin: 7.5pt 0cm; font-size: 12pt; font-family: Calibri, sans-serif; color: rgb(0, 0, 0); font-style: normal; font-weight: 400; letter-spacing: normal;\"><b><span style=\"font-size: 19pt; color: rgb(81, 81, 81);\">Contenido incrustado de otros sitios web<o:p><\/o:p><\/span><\/b><\/p>\n<p class=\"MsoNormal\" style=\"margin: 0cm 0cm 7.5pt; font-size: 12pt; font-family: Calibri, sans-serif; color: rgb(0, 0, 0); font-style: normal; font-weight: 400; letter-spacing: normal;\"><span style=\"color: rgb(57, 57, 57);\">Los art\u00edculos de este sitio pueden incluir contenido incrustado (por ejemplo, v\u00eddeos, im\u00e1genes, art\u00edculos, etc.). El contenido incrustado de otras web se comporta exactamente de la misma manera que si el visitante hubiera visitado la otra web.<o:p><\/o:p><\/span><\/p>\n<p class=\"MsoNormal\" style=\"margin: 0cm 0cm 7.5pt; font-size: 12pt; font-family: Calibri, sans-serif; color: rgb(0, 0, 0); font-style: normal; font-weight: 400; letter-spacing: normal;\"><span style=\"color: rgb(57, 57, 57);\">Estas web pueden recopilar datos sobre ti, utilizar cookies, incrustar un seguimiento adicional de terceros, y supervisar tu interacci\u00f3n con ese contenido incrustado, incluido el seguimiento de tu interacci\u00f3n con el contenido incrustado si tienes una cuenta y est\u00e1s conectado a esa web.<o:p><\/o:p><\/span><\/p>\n<p class=\"MsoNormal\" style=\"margin: 15pt 0cm 7.5pt; font-size: 12pt; font-family: Calibri, sans-serif; color: rgb(0, 0, 0); font-style: normal; font-weight: 400; letter-spacing: normal;\"><b><span style=\"font-size: 22.5pt; color: rgb(81, 81, 81);\"><br><\/span><\/b><\/p><p class=\"MsoNormal\" style=\"margin: 15pt 0cm 7.5pt; font-size: 12pt; font-family: Calibri, sans-serif; color: rgb(0, 0, 0); font-style: normal; font-weight: 400; letter-spacing: normal;\"><b><span style=\"font-size: 22.5pt; color: rgb(81, 81, 81);\"><br><\/span><\/b><\/p><p class=\"MsoNormal\" style=\"margin: 15pt 0cm 7.5pt; font-size: 12pt; font-family: Calibri, sans-serif; color: rgb(0, 0, 0); font-style: normal; font-weight: 400; letter-spacing: normal;\"><b><span style=\"font-size: 22.5pt; color: rgb(81, 81, 81);\">Anal\u00edtica &#8211;&nbsp;<\/span><\/b><b style=\"font-size: 12pt;\"><span style=\"font-size: 19pt; color: rgb(81, 81, 81);\">Con qui\u00e9n compartimos tus datos<\/span><\/b><\/p>\n<p class=\"MsoNormal\" style=\"margin: 7.5pt 0cm; font-size: 12pt; font-family: Calibri, sans-serif; color: rgb(0, 0, 0); font-style: normal; font-weight: 400; letter-spacing: normal;\"><b><span style=\"font-size: 19pt; color: rgb(81, 81, 81);\"><br><\/span><\/b><\/p><p class=\"MsoNormal\" style=\"margin: 7.5pt 0cm; font-size: 12pt; font-family: Calibri, sans-serif; color: rgb(0, 0, 0); font-style: normal; font-weight: 400; letter-spacing: normal;\"><b><span style=\"font-size: 19pt; color: rgb(81, 81, 81);\">Cu\u00e1nto tiempo conservamos tus datos<o:p><\/o:p><\/span><\/b><\/p>\n<p class=\"MsoNormal\" style=\"margin: 0cm 0cm 7.5pt; font-size: 12pt; font-family: Calibri, sans-serif; color: rgb(0, 0, 0); font-style: normal; font-weight: 400; letter-spacing: normal;\"><span style=\"color: rgb(57, 57, 57);\">Si dejas un comentario, el comentario y sus metadatos se conservan indefinidamente. Esto es para que podamos reconocer y aprobar comentarios sucesivos autom\u00e1ticamente en lugar de mantenerlos en una cola de moderaci\u00f3n.<o:p><\/o:p><\/span><\/p>\n<p class=\"MsoNormal\" style=\"margin: 0cm 0cm 7.5pt; font-size: 12pt; font-family: Calibri, sans-serif; color: rgb(0, 0, 0); font-style: normal; font-weight: 400; letter-spacing: normal;\"><span style=\"color: rgb(57, 57, 57);\">De los usuarios que se registran en nuestra web (si los hay), tambi\u00e9n almacenamos la informaci\u00f3n personal que proporcionan en su perfil de usuario. Todos los usuarios pueden ver, editar o eliminar su informaci\u00f3n personal en cualquier momento (excepto que no pueden cambiar su nombre de usuario). Los administradores de la web tambi\u00e9n pueden ver y editar esa informaci\u00f3n.<o:p><\/o:p><\/span><\/p>\n<p class=\"MsoNormal\" style=\"margin: 7.5pt 0cm; font-size: 12pt; font-family: Calibri, sans-serif; color: rgb(0, 0, 0); font-style: normal; font-weight: 400; letter-spacing: normal;\"><b><span style=\"font-size: 19pt; color: rgb(81, 81, 81);\"><br><\/span><\/b><\/p><p class=\"MsoNormal\" style=\"margin: 7.5pt 0cm; font-size: 12pt; font-family: Calibri, sans-serif; color: rgb(0, 0, 0); font-style: normal; font-weight: 400; letter-spacing: normal;\"><b><span style=\"font-size: 19pt; color: rgb(81, 81, 81);\">Qu\u00e9 derechos tienes sobre tus datos<o:p><\/o:p><\/span><\/b><\/p>\n<p class=\"MsoNormal\" style=\"margin: 0cm 0cm 7.5pt; font-size: 12pt; font-family: Calibri, sans-serif; color: rgb(0, 0, 0); font-style: normal; font-weight: 400; letter-spacing: normal;\"><span style=\"color: rgb(57, 57, 57);\">Si tienes una cuenta o has dejado comentarios en esta web, puedes solicitar recibir un archivo de exportaci\u00f3n de los datos personales que tenemos sobre ti, incluyendo cualquier dato que nos hayas proporcionado. Tambi\u00e9n puedes solicitar que eliminemos cualquier dato personal que tengamos sobre ti. Esto no incluye ning\u00fan dato que estemos obligados a conservar con fines administrativos, legales o de seguridad.<o:p><\/o:p><\/span><\/p>\n<p class=\"MsoNormal\" style=\"margin: 7.5pt 0cm; font-size: 12pt; font-family: Calibri, sans-serif; color: rgb(0, 0, 0); font-style: normal; font-weight: 400; letter-spacing: normal;\"><b><span style=\"font-size: 19pt; color: rgb(81, 81, 81);\"><br><\/span><\/b><\/p><p class=\"MsoNormal\" style=\"margin: 7.5pt 0cm; font-size: 12pt; font-family: Calibri, sans-serif; color: rgb(0, 0, 0); font-style: normal; font-weight: 400; letter-spacing: normal;\"><b><span style=\"font-size: 19pt; color: rgb(81, 81, 81);\">D\u00f3nde enviamos tus datos<o:p><\/o:p><\/span><\/b><\/p>\n<p class=\"MsoNormal\" style=\"margin: 0cm 0cm 7.5pt; font-size: 12pt; font-family: Calibri, sans-serif; color: rgb(0, 0, 0); font-style: normal; font-weight: 400; letter-spacing: normal;\"><span style=\"color: rgb(57, 57, 57);\">Los comentarios de los visitantes puede que los revise un servicio de detecci\u00f3n autom\u00e1tica de spam.<o:p><\/o:p><\/span><\/p>\t\t\t\t\t\t\t\t<\/div>\n\t\t\t\t<\/div>\n\t\t\t\t\t<\/div>\n\t\t<\/div>\n\t\t\t\t\t<\/div>\n\t\t<\/section>\n\t\t\t\t<\/div>\n\t\t","protected":false},"excerpt":{"rendered":"<p>Pol\u00edtica de cookies Qui\u00e9nes somos La&hellip;<\/p>\n","protected":false},"author":1,"featured_media":0,"parent":0,"menu_order":0,"comment_status":"closed","ping_status":"closed","template":"","meta":{"footnotes":"","_links_to":"","_links_to_target":""},"class_list":["post-4236","page","type-page","status-publish","hentry"],"_links":{"self":[{"href":"https:\/\/supandsail.com\/ca\/wp-json\/wp\/v2\/pages\/4236","targetHints":{"allow":["GET"]}}],"collection":[{"href":"https:\/\/supandsail.com\/ca\/wp-json\/wp\/v2\/pages"}],"about":[{"href":"https:\/\/supandsail.com\/ca\/wp-json\/wp\/v2\/types\/page"}],"author":[{"embeddable":true,"href":"https:\/\/supandsail.com\/ca\/wp-json\/wp\/v2\/users\/1"}],"replies":[{"embeddable":true,"href":"https:\/\/supandsail.com\/ca\/wp-json\/wp\/v2\/comments?post=4236"}],"version-history":[{"count":0,"href":"https:\/\/supandsail.com\/ca\/wp-json\/wp\/v2\/pages\/4236\/revisions"}],"wp:attachment":[{"href":"https:\/\/supandsail.com\/ca\/wp-json\/wp\/v2\/media?parent=4236"}],"curies":[{"name":"wp","href":"https:\/\/api.w.org\/{rel}","templated":true}]}}