{"id":4576,"date":"2022-04-21T07:42:37","date_gmt":"2022-04-21T05:42:37","guid":{"rendered":"https:\/\/supandsail.com\/eventos\/"},"modified":"2023-09-27T11:11:22","modified_gmt":"2023-09-27T09:11:22","slug":"eventos","status":"publish","type":"page","link":"https:\/\/supandsail.com\/ca\/eventos\/","title":{"rendered":"Esdeveniments"},"content":{"rendered":"\t\t<div data-elementor-type=\"wp-page\" data-elementor-id=\"4576\" class=\"elementor elementor-4576 elementor-711\">\n\t\t\t\t\t\t<section data-exad-particle-enable=\"false\" class=\"elementor-section elementor-top-section elementor-element elementor-element-b5a4615 elementor-section-full_width elementor-section-stretched elementor-section-height-min-height elementor-section-height-default elementor-section-items-middle exad-parallax-effect-no exad-background-color-change-no exad-glass-effect-no exad-sticky-section-no\" data-id=\"b5a4615\" data-element_type=\"section\" data-e-type=\"section\" data-settings=\"{&quot;stretch_section&quot;:&quot;section-stretched&quot;}\">\n\t\t\t\t\t\t<div class=\"elementor-container elementor-column-gap-no\">\n\t\t\t\t\t<div class=\"elementor-column elementor-col-100 elementor-top-column elementor-element elementor-element-86d323b sc_inner_width_none sc_layouts_column_icons_position_left exad-glass-effect-no exad-sticky-section-no\" data-id=\"86d323b\" data-element_type=\"column\" data-e-type=\"column\">\n\t\t\t<div class=\"elementor-widget-wrap elementor-element-populated\">\n\t\t\t\t\t\t<div class=\"elementor-element elementor-element-d38a87c exad-sticky-section-no exad-glass-effect-no sc_fly_static elementor-widget elementor-widget-exad-exclusive-slider\" data-id=\"d38a87c\" data-element_type=\"widget\" data-e-type=\"widget\" data-widget_type=\"exad-exclusive-slider.default\">\n\t\t\t\t<div class=\"elementor-widget-container\">\n\t\t\t\t\t\t\t\t<div class=\"exad-slider  \" data-slider-nav=\"none\" data-slider-speed=\"\" data-direction=\"false\" data-dots-type=\"\">\n\t\t\t\t\t\t\t\t\t<div class=\"exad-each-slider-item elementor-repeater-item-245447a\" data-image=\"https:\/\/supandsail.com\/wp-content\/uploads\/2023\/07\/2.jpg\">\n\n\t\t\t\t\t\t<div class=\"exad-slider-progressbar-inactive\"><\/div>\n                                                    <div class=\"exad-slider-bg-overlay\"><\/div>\n                        \t\t\t\t\t\t<div class=\"exad-slide-bg\"><\/div>\n\n                        <div class=\"exad-slide-inner\">\n                            <div class=\"exad-slide-content exad-slide-content-title-background-\">\n                                                                    <h1 class=\"exad-slider-title\" data-animation-in=\"\" data-delay-in=\"1\" data-duration-in=\"1\" data-animation-out=\"\" data-delay-out=\"-3\" data-duration-out=\"1\">Experi\u00e8ncies<\/h1>\n                                                                    <h2 class=\"exad-slider-details\" data-animation-in=\"\" data-delay-in=\"1\" data-duration-in=\"1\" data-animation-out=\"\" data-delay-out=\"-3\" data-duration-out=\"1\">Esdeveniments \u00fanics a Matar\u00f3<\/h2>\n                                \t\t\t    \t\t\t<\/div>\n\t\t    \t\t\t<\/div>\n\t\t    \t\t<\/div>\n\t\t\t\t\t\t\t<\/div>\n\t\t\t\t\t\t<\/div>\n\t\t\t\t<\/div>\n\t\t\t\t<div class=\"elementor-element elementor-element-eefd8dd exad-sticky-section-no exad-glass-effect-no sc_fly_static elementor-widget elementor-widget-spacer\" data-id=\"eefd8dd\" data-element_type=\"widget\" data-e-type=\"widget\" data-widget_type=\"spacer.default\">\n\t\t\t\t<div class=\"elementor-widget-container\">\n\t\t\t\t\t\t\t<div class=\"elementor-spacer\">\n\t\t\t<div class=\"elementor-spacer-inner\"><\/div>\n\t\t<\/div>\n\t\t\t\t\t\t<\/div>\n\t\t\t\t<\/div>\n\t\t\t\t<div class=\"elementor-element elementor-element-b409f73 exad-sticky-section-no exad-glass-effect-no sc_fly_static elementor-widget elementor-widget-text-editor\" data-id=\"b409f73\" data-element_type=\"widget\" data-e-type=\"widget\" data-widget_type=\"text-editor.default\">\n\t\t\t\t<div class=\"elementor-widget-container\">\n\t\t\t\t\t\t\t\t\t<p style=\"text-align: center;\">A <strong>Sup&amp;Sail<\/strong> organitzem esdeveniments i experi\u00e8ncies inoblidables a la platja del Varador de Matar\u00f3.<\/p><p style=\"text-align: center;\">Oferim una \u00e0mplia varietat d&#8217;activitats tant per a grups com per a individuals.<\/p><p style=\"text-align: center;\"><strong>T&#8217;esperem per a viure una aventura \u00fanica en la mar!<\/strong><\/p>\t\t\t\t\t\t\t\t<\/div>\n\t\t\t\t<\/div>\n\t\t\t\t<div class=\"elementor-element elementor-element-ed3cbaa exad-sticky-section-no exad-glass-effect-no sc_fly_static elementor-widget elementor-widget-spacer\" data-id=\"ed3cbaa\" data-element_type=\"widget\" data-e-type=\"widget\" data-widget_type=\"spacer.default\">\n\t\t\t\t<div class=\"elementor-widget-container\">\n\t\t\t\t\t\t\t<div class=\"elementor-spacer\">\n\t\t\t<div class=\"elementor-spacer-inner\"><\/div>\n\t\t<\/div>\n\t\t\t\t\t\t<\/div>\n\t\t\t\t<\/div>\n\t\t\t\t\t<\/div>\n\t\t<\/div>\n\t\t\t\t\t<\/div>\n\t\t<\/section>\n\t\t\t\t<section data-exad-particle-enable=\"false\" class=\"elementor-section elementor-top-section elementor-element elementor-element-8114c6a elementor-section-height-min-height elementor-section-stretched elementor-section-boxed elementor-section-height-default elementor-section-items-middle exad-parallax-effect-no exad-background-color-change-no exad-glass-effect-no exad-sticky-section-no\" data-id=\"8114c6a\" data-element_type=\"section\" data-e-type=\"section\" data-settings=\"{&quot;stretch_section&quot;:&quot;section-stretched&quot;}\">\n\t\t\t\t\t\t<div class=\"elementor-container elementor-column-gap-no\">\n\t\t\t\t\t<div class=\"elementor-column elementor-col-100 elementor-top-column elementor-element elementor-element-7cc5848 sc_inner_width_none sc_layouts_column_icons_position_left exad-glass-effect-no exad-sticky-section-no\" data-id=\"7cc5848\" data-element_type=\"column\" data-e-type=\"column\">\n\t\t\t<div class=\"elementor-widget-wrap elementor-element-populated\">\n\t\t\t\t\t\t\t<\/div>\n\t\t<\/div>\n\t\t\t\t\t<\/div>\n\t\t<\/section>\n\t\t\t\t<section data-exad-particle-enable=\"false\" class=\"elementor-section elementor-top-section elementor-element elementor-element-11d4d98 elementor-section-boxed elementor-section-height-default elementor-section-height-default exad-parallax-effect-no exad-background-color-change-no exad-glass-effect-no exad-sticky-section-no\" data-id=\"11d4d98\" data-element_type=\"section\" data-e-type=\"section\">\n\t\t\t\t\t\t<div class=\"elementor-container elementor-column-gap-extended\">\n\t\t\t\t\t<div class=\"elementor-column elementor-col-100 elementor-top-column elementor-element elementor-element-f1948cd sc_inner_width_none sc_layouts_column_icons_position_left exad-glass-effect-no exad-sticky-section-no\" data-id=\"f1948cd\" data-element_type=\"column\" data-e-type=\"column\">\n\t\t\t<div class=\"elementor-widget-wrap elementor-element-populated\">\n\t\t\t\t\t\t<div class=\"elementor-element elementor-element-87c2218 exad-sticky-section-no exad-glass-effect-no sc_fly_static elementor-widget elementor-widget-spacer\" data-id=\"87c2218\" data-element_type=\"widget\" data-e-type=\"widget\" data-widget_type=\"spacer.default\">\n\t\t\t\t<div class=\"elementor-widget-container\">\n\t\t\t\t\t\t\t<div class=\"elementor-spacer\">\n\t\t\t<div class=\"elementor-spacer-inner\"><\/div>\n\t\t<\/div>\n\t\t\t\t\t\t<\/div>\n\t\t\t\t<\/div>\n\t\t\t\t<div class=\"elementor-element elementor-element-6291a48 exad-sticky-section-no exad-glass-effect-no sc_fly_static elementor-widget elementor-widget-text-editor\" data-id=\"6291a48\" data-element_type=\"widget\" data-e-type=\"widget\" data-widget_type=\"text-editor.default\">\n\t\t\t\t<div class=\"elementor-widget-container\">\n\t\t\t\t\t\t\t\t\t<p style=\"text-align: center;\">Amb <strong>Sup&amp;Sail<\/strong>, podr\u00e0s descobrir la bellesa de la platja de Matar\u00f3 d&#8217;una forma \u00fanica i divertida fent una <strong>passejada en paddle surf, una ruta en caiac o relaxant-te en una classe de SUP Ioga.<\/strong> <\/p>\n<p style=\"text-align: center;\">Comptem amb una gran <strong>varietat d&#8217;activitats aqu\u00e0tiques<\/strong> per a tots els gustos i nivells d&#8217;experi\u00e8ncia, amb la millor qualitat en cadascuna d&#8217;elles. Totes les nostres activitats estan guiades per professionals experimentats i garantim la m\u00e0xima seguretat.<\/p>\n\t\t\t\t\t\t\t\t<\/div>\n\t\t\t\t<\/div>\n\t\t\t\t<div class=\"elementor-element elementor-element-d9b1228 exad-sticky-section-no exad-glass-effect-no sc_fly_static elementor-widget elementor-widget-spacer\" data-id=\"d9b1228\" data-element_type=\"widget\" data-e-type=\"widget\" data-widget_type=\"spacer.default\">\n\t\t\t\t<div class=\"elementor-widget-container\">\n\t\t\t\t\t\t\t<div class=\"elementor-spacer\">\n\t\t\t<div class=\"elementor-spacer-inner\"><\/div>\n\t\t<\/div>\n\t\t\t\t\t\t<\/div>\n\t\t\t\t<\/div>\n\t\t\t\t<section data-exad-particle-enable=\"false\" class=\"elementor-section elementor-inner-section elementor-element elementor-element-8cfb917 elementor-section-boxed elementor-section-height-default elementor-section-height-default exad-parallax-effect-no exad-background-color-change-no exad-glass-effect-no exad-sticky-section-no\" data-id=\"8cfb917\" data-element_type=\"section\" data-e-type=\"section\">\n\t\t\t\t\t\t<div class=\"elementor-container elementor-column-gap-extended\">\n\t\t\t\t\t<div class=\"elementor-column elementor-col-50 elementor-inner-column elementor-element elementor-element-e64ea95 sc_inner_width_none sc_layouts_column_icons_position_left exad-glass-effect-no exad-sticky-section-no\" data-id=\"e64ea95\" data-element_type=\"column\" data-e-type=\"column\">\n\t\t\t<div class=\"elementor-widget-wrap elementor-element-populated\">\n\t\t\t\t\t\t<div class=\"elementor-element elementor-element-0be44e2 exad-sticky-section-no exad-glass-effect-no sc_fly_static elementor-widget elementor-widget-spacer\" data-id=\"0be44e2\" data-element_type=\"widget\" data-e-type=\"widget\" data-widget_type=\"spacer.default\">\n\t\t\t\t<div class=\"elementor-widget-container\">\n\t\t\t\t\t\t\t<div class=\"elementor-spacer\">\n\t\t\t<div class=\"elementor-spacer-inner\"><\/div>\n\t\t<\/div>\n\t\t\t\t\t\t<\/div>\n\t\t\t\t<\/div>\n\t\t\t\t<div class=\"elementor-element elementor-element-931b53f exad-sticky-section-no exad-glass-effect-no sc_fly_static elementor-widget elementor-widget-text-editor\" data-id=\"931b53f\" data-element_type=\"widget\" data-e-type=\"widget\" data-widget_type=\"text-editor.default\">\n\t\t\t\t<div class=\"elementor-widget-container\">\n\t\t\t\t\t\t\t\t\t<p>Organitzem activitats de <strong>team building per a empreses i l&#8217;emocionant Big Sup<\/strong>, en el qual poden muntar diverses persones en una taula gegant. Organitzar activitats a l&#8217;aire lliure per a empreses \u00e9s una excel\u00b7lent manera de motivar als empleats. En fomentar una mentalitat de treball en equip i col\u00b7laboraci\u00f3, s&#8217;aconsegueix una major efici\u00e8ncia i resultats per a l&#8217;empresa.<\/p>\n\t\t\t\t\t\t\t\t<\/div>\n\t\t\t\t<\/div>\n\t\t\t\t\t<\/div>\n\t\t<\/div>\n\t\t\t\t<div class=\"elementor-column elementor-col-50 elementor-inner-column elementor-element elementor-element-ddf1eac sc_inner_width_none sc_layouts_column_icons_position_left exad-glass-effect-no exad-sticky-section-no\" data-id=\"ddf1eac\" data-element_type=\"column\" data-e-type=\"column\">\n\t\t\t<div class=\"elementor-widget-wrap elementor-element-populated\">\n\t\t\t\t\t\t<div class=\"elementor-element elementor-element-5fa46e7 exad-sticky-section-no exad-glass-effect-no sc_fly_static elementor-widget elementor-widget-image\" data-id=\"5fa46e7\" data-element_type=\"widget\" data-e-type=\"widget\" data-widget_type=\"image.default\">\n\t\t\t\t<div class=\"elementor-widget-container\">\n\t\t\t\t\t\t\t\t\t\t\t\t\t\t\t<img fetchpriority=\"high\" decoding=\"async\" width=\"1024\" height=\"683\" src=\"https:\/\/supandsail.com\/wp-content\/uploads\/2023\/03\/IMG_9152-1024x683.jpg\" class=\"attachment-large size-large wp-image-4094\" alt=\"\" srcset=\"https:\/\/supandsail.com\/wp-content\/uploads\/2023\/03\/IMG_9152-1024x683.jpg 1024w, https:\/\/supandsail.com\/wp-content\/uploads\/2023\/03\/IMG_9152-300x200.jpg 300w, https:\/\/supandsail.com\/wp-content\/uploads\/2023\/03\/IMG_9152-768x512.jpg 768w, https:\/\/supandsail.com\/wp-content\/uploads\/2023\/03\/IMG_9152-1536x1024.jpg 1536w, https:\/\/supandsail.com\/wp-content\/uploads\/2023\/03\/IMG_9152-2048x1366.jpg 2048w, https:\/\/supandsail.com\/wp-content\/uploads\/2023\/03\/IMG_9152-370x247.jpg 370w, https:\/\/supandsail.com\/wp-content\/uploads\/2023\/03\/IMG_9152-760x507.jpg 760w, https:\/\/supandsail.com\/wp-content\/uploads\/2023\/03\/IMG_9152-600x400.jpg 600w\" sizes=\"(max-width: 1024px) 100vw, 1024px\" title=\"\">\t\t\t\t\t\t\t\t\t\t\t\t\t\t\t<\/div>\n\t\t\t\t<\/div>\n\t\t\t\t\t<\/div>\n\t\t<\/div>\n\t\t\t\t\t<\/div>\n\t\t<\/section>\n\t\t\t\t\t<\/div>\n\t\t<\/div>\n\t\t\t\t\t<\/div>\n\t\t<\/section>\n\t\t\t\t<section data-exad-particle-enable=\"false\" class=\"elementor-section elementor-top-section elementor-element elementor-element-f29e544 elementor-section-boxed elementor-section-height-default elementor-section-height-default exad-parallax-effect-no exad-background-color-change-no exad-glass-effect-no exad-sticky-section-no\" data-id=\"f29e544\" data-element_type=\"section\" data-e-type=\"section\">\n\t\t\t\t\t\t<div class=\"elementor-container elementor-column-gap-extended\">\n\t\t\t\t\t<div class=\"elementor-column elementor-col-100 elementor-top-column elementor-element elementor-element-b208d26 sc_inner_width_none sc_layouts_column_icons_position_left exad-glass-effect-no exad-sticky-section-no\" data-id=\"b208d26\" data-element_type=\"column\" data-e-type=\"column\">\n\t\t\t<div class=\"elementor-widget-wrap elementor-element-populated\">\n\t\t\t\t\t\t<section data-exad-particle-enable=\"false\" class=\"elementor-section elementor-inner-section elementor-element elementor-element-63a167d elementor-section-boxed elementor-section-height-default elementor-section-height-default exad-parallax-effect-no exad-background-color-change-no exad-glass-effect-no exad-sticky-section-no\" data-id=\"63a167d\" data-element_type=\"section\" data-e-type=\"section\">\n\t\t\t\t\t\t<div class=\"elementor-container elementor-column-gap-extended\">\n\t\t\t\t\t<div class=\"elementor-column elementor-col-50 elementor-inner-column elementor-element elementor-element-36fba2d sc_inner_width_none sc_layouts_column_icons_position_left exad-glass-effect-no exad-sticky-section-no\" data-id=\"36fba2d\" data-element_type=\"column\" data-e-type=\"column\">\n\t\t\t<div class=\"elementor-widget-wrap elementor-element-populated\">\n\t\t\t\t\t\t<div class=\"elementor-element elementor-element-e6c78a9 exad-sticky-section-no exad-glass-effect-no sc_fly_static elementor-widget elementor-widget-image\" data-id=\"e6c78a9\" data-element_type=\"widget\" data-e-type=\"widget\" data-widget_type=\"image.default\">\n\t\t\t\t<div class=\"elementor-widget-container\">\n\t\t\t\t\t\t\t\t\t\t\t\t\t\t\t<img decoding=\"async\" width=\"564\" height=\"426\" src=\"https:\/\/supandsail.com\/wp-content\/uploads\/2023\/03\/Captura-de-pantalla-2022-09-03-a-las-11.04.04-e1678444774677.png\" class=\"attachment-large size-large wp-image-4097\" alt=\"\" title=\"\">\t\t\t\t\t\t\t\t\t\t\t\t\t\t\t<\/div>\n\t\t\t\t<\/div>\n\t\t\t\t\t<\/div>\n\t\t<\/div>\n\t\t\t\t<div class=\"elementor-column elementor-col-50 elementor-inner-column elementor-element elementor-element-acff145 sc_inner_width_none sc_layouts_column_icons_position_left exad-glass-effect-no exad-sticky-section-no\" data-id=\"acff145\" data-element_type=\"column\" data-e-type=\"column\">\n\t\t\t<div class=\"elementor-widget-wrap elementor-element-populated\">\n\t\t\t\t\t\t<div class=\"elementor-element elementor-element-19344ee exad-sticky-section-no exad-glass-effect-no sc_fly_static elementor-widget elementor-widget-spacer\" data-id=\"19344ee\" data-element_type=\"widget\" data-e-type=\"widget\" data-widget_type=\"spacer.default\">\n\t\t\t\t<div class=\"elementor-widget-container\">\n\t\t\t\t\t\t\t<div class=\"elementor-spacer\">\n\t\t\t<div class=\"elementor-spacer-inner\"><\/div>\n\t\t<\/div>\n\t\t\t\t\t\t<\/div>\n\t\t\t\t<\/div>\n\t\t\t\t<div class=\"elementor-element elementor-element-f5662d2 exad-sticky-section-no exad-glass-effect-no sc_fly_static elementor-widget elementor-widget-text-editor\" data-id=\"f5662d2\" data-element_type=\"widget\" data-e-type=\"widget\" data-widget_type=\"text-editor.default\">\n\t\t\t\t<div class=\"elementor-widget-container\">\n\t\t\t\t\t\t\t\t\t<p>El <strong>Sunrise Sup<\/strong> Ioga \u00e9s una sessi\u00f3 de ioga primerenc en el mat\u00ed damunt d&#8217;una taula de paddle surf, mentre que el <strong>Sunrise Paddle Surf<\/strong> \u00e9s una activitat d&#8217;equilibri i resist\u00e8ncia en una taula de paddle en l&#8217;aigua. Totes dues activitats es realitzen en un entorn tranquil i envoltat de naturalesa, la qual cosa afegeix una dimensi\u00f3 addicional a la pr\u00e0ctica del ioga i el paddle surf.<\/p>\n\t\t\t\t\t\t\t\t<\/div>\n\t\t\t\t<\/div>\n\t\t\t\t\t<\/div>\n\t\t<\/div>\n\t\t\t\t\t<\/div>\n\t\t<\/section>\n\t\t\t\t\t<\/div>\n\t\t<\/div>\n\t\t\t\t\t<\/div>\n\t\t<\/section>\n\t\t\t\t<section data-exad-particle-enable=\"false\" class=\"elementor-section elementor-top-section elementor-element elementor-element-3e37698 elementor-section-boxed elementor-section-height-default elementor-section-height-default exad-parallax-effect-no exad-background-color-change-no exad-glass-effect-no exad-sticky-section-no\" data-id=\"3e37698\" data-element_type=\"section\" data-e-type=\"section\">\n\t\t\t\t\t\t<div class=\"elementor-container elementor-column-gap-extended\">\n\t\t\t\t\t<div class=\"elementor-column elementor-col-100 elementor-top-column elementor-element elementor-element-ae5a49d sc_inner_width_none sc_layouts_column_icons_position_left exad-glass-effect-no exad-sticky-section-no\" data-id=\"ae5a49d\" data-element_type=\"column\" data-e-type=\"column\">\n\t\t\t<div class=\"elementor-widget-wrap elementor-element-populated\">\n\t\t\t\t\t\t<section data-exad-particle-enable=\"false\" class=\"elementor-section elementor-inner-section elementor-element elementor-element-805e7f1 elementor-section-boxed elementor-section-height-default elementor-section-height-default exad-parallax-effect-no exad-background-color-change-no exad-glass-effect-no exad-sticky-section-no\" data-id=\"805e7f1\" data-element_type=\"section\" data-e-type=\"section\">\n\t\t\t\t\t\t<div class=\"elementor-container elementor-column-gap-extended\">\n\t\t\t\t\t<div class=\"elementor-column elementor-col-50 elementor-inner-column elementor-element elementor-element-1f7e167 sc_inner_width_none sc_layouts_column_icons_position_left exad-glass-effect-no exad-sticky-section-no\" data-id=\"1f7e167\" data-element_type=\"column\" data-e-type=\"column\">\n\t\t\t<div class=\"elementor-widget-wrap elementor-element-populated\">\n\t\t\t\t\t\t<div class=\"elementor-element elementor-element-323423a exad-sticky-section-no exad-glass-effect-no sc_fly_static elementor-widget elementor-widget-spacer\" data-id=\"323423a\" data-element_type=\"widget\" data-e-type=\"widget\" data-widget_type=\"spacer.default\">\n\t\t\t\t<div class=\"elementor-widget-container\">\n\t\t\t\t\t\t\t<div class=\"elementor-spacer\">\n\t\t\t<div class=\"elementor-spacer-inner\"><\/div>\n\t\t<\/div>\n\t\t\t\t\t\t<\/div>\n\t\t\t\t<\/div>\n\t\t\t\t<div class=\"elementor-element elementor-element-aa48c54 exad-sticky-section-no exad-glass-effect-no sc_fly_static elementor-widget elementor-widget-text-editor\" data-id=\"aa48c54\" data-element_type=\"widget\" data-e-type=\"widget\" data-widget_type=\"text-editor.default\">\n\t\t\t\t<div class=\"elementor-widget-container\">\n\t\t\t\t\t\t\t\t\t<p>L&#8217;esdeveniment <strong>Full Moon<\/strong> \u00e9s una experi\u00e8ncia \u00fanica que se celebra durant la lluna plena. Aquesta activitat es duu a terme a la platja i consisteix en una sortida a la mar en la taula de Paddle Surf o en Kayak celebrant l&#8217;energia de la lluna i amb la qual sentirem la connexi\u00f3 amb la naturalesa envoltats de l&#8217;aigua de la mar.<\/p>\n\t\t\t\t\t\t\t\t<\/div>\n\t\t\t\t<\/div>\n\t\t\t\t\t<\/div>\n\t\t<\/div>\n\t\t\t\t<div class=\"elementor-column elementor-col-50 elementor-inner-column elementor-element elementor-element-e341573 sc_inner_width_none sc_layouts_column_icons_position_left exad-glass-effect-no exad-sticky-section-no\" data-id=\"e341573\" data-element_type=\"column\" data-e-type=\"column\">\n\t\t\t<div class=\"elementor-widget-wrap elementor-element-populated\">\n\t\t\t\t\t\t<div class=\"elementor-element elementor-element-8fa1e59 exad-sticky-section-no exad-glass-effect-no sc_fly_static elementor-widget elementor-widget-image\" data-id=\"8fa1e59\" data-element_type=\"widget\" data-e-type=\"widget\" data-widget_type=\"image.default\">\n\t\t\t\t<div class=\"elementor-widget-container\">\n\t\t\t\t\t\t\t\t\t\t\t\t\t\t\t<img decoding=\"async\" width=\"768\" height=\"1024\" src=\"https:\/\/supandsail.com\/wp-content\/uploads\/2022\/07\/WhatsApp-Image-2022-07-14-at-6.11.56-PM-1-e1678444567728.jpeg\" class=\"attachment-large size-large wp-image-2354\" alt=\"\" title=\"\">\t\t\t\t\t\t\t\t\t\t\t\t\t\t\t<\/div>\n\t\t\t\t<\/div>\n\t\t\t\t\t<\/div>\n\t\t<\/div>\n\t\t\t\t\t<\/div>\n\t\t<\/section>\n\t\t\t\t\t<\/div>\n\t\t<\/div>\n\t\t\t\t\t<\/div>\n\t\t<\/section>\n\t\t\t\t<section data-exad-particle-enable=\"false\" class=\"elementor-section elementor-top-section elementor-element elementor-element-ac3f1b0 elementor-section-boxed elementor-section-height-default elementor-section-height-default exad-parallax-effect-no exad-background-color-change-no exad-glass-effect-no exad-sticky-section-no\" data-id=\"ac3f1b0\" data-element_type=\"section\" data-e-type=\"section\">\n\t\t\t\t\t\t<div class=\"elementor-container elementor-column-gap-extended\">\n\t\t\t\t\t<div class=\"elementor-column elementor-col-100 elementor-top-column elementor-element elementor-element-935a9c9 sc_inner_width_none sc_layouts_column_icons_position_left exad-glass-effect-no exad-sticky-section-no\" data-id=\"935a9c9\" data-element_type=\"column\" data-e-type=\"column\">\n\t\t\t<div class=\"elementor-widget-wrap elementor-element-populated\">\n\t\t\t\t\t\t<div class=\"elementor-element elementor-element-a46ee79 exad-sticky-section-no exad-glass-effect-no sc_fly_static elementor-widget elementor-widget-text-editor\" data-id=\"a46ee79\" data-element_type=\"widget\" data-e-type=\"widget\" data-widget_type=\"text-editor.default\">\n\t\t\t\t<div class=\"elementor-widget-container\">\n\t\t\t\t\t\t\t\t\t<p style=\"text-align: center;\">Totes aquestes activitats tem\u00e0tiques s\u00f3n una oportunitat per a <strong>explorar noves maneres de fer ioga, paddle surf i Kayak<\/strong> i per a experimentar la naturalesa i l&#8217;entorn de manera \u00fanica. Aquestes activitats tem\u00e0tiques afegeixen un extra al SUP Ioga i al Paddle Surf i a m\u00e9s, s\u00f3n una excel\u00b7lent manera de con\u00e8ixer a altres amants d&#8217;aquestes practiques i crear connexions amb la comunitat.<\/p>\n<p style=\"text-align: center;\">Els nostres serveis estan dissenyats per a permetre als clients participar en una \u00e0mplia gamma d&#8217;activitats recreatives i educatives relacionades amb l&#8217;aigua. Ens esforcem per assegurar-nos que els nostres serveis siguin inclusius mitjan\u00e7ant la creaci\u00f3 d&#8217;un <strong>ambient positiu que promogui la diversitat i la inclusi\u00f3.<\/strong> <\/p>\n\t\t\t\t\t\t\t\t<\/div>\n\t\t\t\t<\/div>\n\t\t\t\t\t<\/div>\n\t\t<\/div>\n\t\t\t\t\t<\/div>\n\t\t<\/section>\n\t\t\t\t<section data-exad-particle-enable=\"false\" class=\"elementor-section elementor-top-section elementor-element elementor-element-e65602b elementor-section-boxed elementor-section-height-default elementor-section-height-default exad-parallax-effect-no exad-background-color-change-no exad-glass-effect-no exad-sticky-section-no\" data-id=\"e65602b\" data-element_type=\"section\" data-e-type=\"section\">\n\t\t\t\t\t\t<div class=\"elementor-container elementor-column-gap-extended\">\n\t\t\t\t\t<div class=\"elementor-column elementor-col-100 elementor-top-column elementor-element elementor-element-ca9a775 sc_inner_width_none sc_layouts_column_icons_position_left exad-glass-effect-no exad-sticky-section-no\" data-id=\"ca9a775\" data-element_type=\"column\" data-e-type=\"column\">\n\t\t\t<div class=\"elementor-widget-wrap elementor-element-populated\">\n\t\t\t\t\t\t<div class=\"elementor-element elementor-element-9525fde exad-sticky-section-no exad-glass-effect-no sc_fly_static elementor-widget elementor-widget-spacer\" data-id=\"9525fde\" data-element_type=\"widget\" data-e-type=\"widget\" data-widget_type=\"spacer.default\">\n\t\t\t\t<div class=\"elementor-widget-container\">\n\t\t\t\t\t\t\t<div class=\"elementor-spacer\">\n\t\t\t<div class=\"elementor-spacer-inner\"><\/div>\n\t\t<\/div>\n\t\t\t\t\t\t<\/div>\n\t\t\t\t<\/div>\n\t\t\t\t\t<\/div>\n\t\t<\/div>\n\t\t\t\t\t<\/div>\n\t\t<\/section>\n\t\t\t\t<\/div>\n\t\t","protected":false},"excerpt":{"rendered":"<p>Experi\u00e8ncies Esdeveniments \u00fanics a Matar\u00f3 A&hellip;<\/p>\n","protected":false},"author":1,"featured_media":8540,"parent":0,"menu_order":0,"comment_status":"closed","ping_status":"closed","template":"","meta":{"footnotes":"","_links_to":"","_links_to_target":""},"class_list":["post-4576","page","type-page","status-publish","has-post-thumbnail","hentry"],"_links":{"self":[{"href":"https:\/\/supandsail.com\/ca\/wp-json\/wp\/v2\/pages\/4576","targetHints":{"allow":["GET"]}}],"collection":[{"href":"https:\/\/supandsail.com\/ca\/wp-json\/wp\/v2\/pages"}],"about":[{"href":"https:\/\/supandsail.com\/ca\/wp-json\/wp\/v2\/types\/page"}],"author":[{"embeddable":true,"href":"https:\/\/supandsail.com\/ca\/wp-json\/wp\/v2\/users\/1"}],"replies":[{"embeddable":true,"href":"https:\/\/supandsail.com\/ca\/wp-json\/wp\/v2\/comments?post=4576"}],"version-history":[{"count":15,"href":"https:\/\/supandsail.com\/ca\/wp-json\/wp\/v2\/pages\/4576\/revisions"}],"predecessor-version":[{"id":8588,"href":"https:\/\/supandsail.com\/ca\/wp-json\/wp\/v2\/pages\/4576\/revisions\/8588"}],"wp:featuredmedia":[{"embeddable":true,"href":"https:\/\/supandsail.com\/ca\/wp-json\/wp\/v2\/media\/8540"}],"wp:attachment":[{"href":"https:\/\/supandsail.com\/ca\/wp-json\/wp\/v2\/media?parent=4576"}],"curies":[{"name":"wp","href":"https:\/\/api.w.org\/{rel}","templated":true}]}}