{"id":4581,"date":"2022-04-22T07:58:19","date_gmt":"2022-04-22T05:58:19","guid":{"rendered":"https:\/\/supandsail.com\/contacto\/"},"modified":"2023-05-09T18:01:18","modified_gmt":"2023-05-09T16:01:18","slug":"contacto","status":"publish","type":"page","link":"https:\/\/supandsail.com\/ca\/contacto\/","title":{"rendered":"Contacte"},"content":{"rendered":"<h2 data-animation-in=\"\" data-delay-in=\"1\" data-duration-in=\"1\" data-animation-out=\"\" data-delay-out=\"-3\" data-duration-out=\"1\">Contacte<\/h2>\n<p data-animation-in=\"\" data-delay-in=\"1\" data-duration-in=\"1\" data-animation-out=\"\" data-delay-out=\"-3\" data-duration-out=\"1\">Dubtes &amp; Colaboracions<\/p>\n<h2>Contacte SUP &amp; SAIL<\/h2>\n<h6>\t\t\t\t\t\t\tContacte\t\t\t\t\t\t<\/h6>\n<p>\n\t\t\t\t\t\t\tDubtes sobre les nostres activitats\t\t\t\t\t\t<\/p>\n<h6>\t\t\t\t\t\t\tEmpreses i esdeveniments\t\t\t\t\t\t<\/h6>\n<p>\n\t\t\t\t\t\t\tOrganitza amb nosaltres la teva experi\u00e8ncia\t\t\t\t\t\t<\/p>\n<h6>\t\t\t\t\t\t\tCol\u00b7laboracions\t\t\t\t\t\t<\/h6>\n<p>\n\t\t\t\t\t\t\tSi tens alguna proposta, contacta&#8217;ns!\t\t\t\t\t\t<\/p>\n<p role=\"status\" aria-live=\"polite\" aria-atomic=\"true\">\n<ul><\/ul>\n<form action=\"\/wp-admin\/admin-ajax.php#wpcf7-f761-o3\" method=\"post\" aria-label=\"Formulario de contacto\" novalidate=\"novalidate\" data-status=\"init\">\n<input type=\"hidden\" name=\"_wpcf7\" value=\"761\" \/><br \/>\n<input type=\"hidden\" name=\"_wpcf7_version\" value=\"5.7.6\" \/><br \/>\n<input type=\"hidden\" name=\"_wpcf7_locale\" value=\"es_ES\" \/><br \/>\n<input type=\"hidden\" name=\"_wpcf7_unit_tag\" value=\"wpcf7-f761-o3\" \/><br \/>\n<input type=\"hidden\" name=\"_wpcf7_container_post\" value=\"0\" \/><br \/>\n<input type=\"hidden\" name=\"_wpcf7_posted_data_hash\" value=\"\" \/><br \/>\n<input type=\"hidden\" name=\"_wpcf7_recaptcha_response\" value=\"\" \/><\/p>\n<p><label> Nombre \/ Empresa<br \/>\n<input size=\"40\" aria-required=\"true\" aria-invalid=\"false\" value=\"\" type=\"text\" name=\"your-name\" \/> <\/label>\n<\/p>\n<p><label> E-mail<br \/>\n<input size=\"40\" aria-required=\"true\" aria-invalid=\"false\" value=\"\" type=\"email\" name=\"your-email\" \/> <\/label>\n<\/p>\n<p><label> Asunto<br \/>\n<input size=\"40\" aria-required=\"true\" aria-invalid=\"false\" value=\"\" type=\"text\" name=\"your-subject\" \/> <\/label>\n<\/p>\n<p><label> Mensaje (opcional)<br \/>\n<textarea cols=\"40\" rows=\"10\" aria-required=\"true\" aria-invalid=\"false\" name=\"your-message\"><\/textarea> <\/label>\n<\/p>\n<p><label><input type=\"checkbox\" name=\"acceptance-100\" value=\"1\" aria-invalid=\"false\" \/>Consiento el tratamiento de mis datos. SUP&#038;SAIL ACTIVITIES, S.L. tratar\u00e1 sus datos con la finalidad de contestar a sus consultas, dudas o reclamaciones. Puede ejercer sus derechos de acceso, rectificaci\u00f3n, supresi\u00f3n, portabilidad, limitaci\u00f3n y oposici\u00f3n, como le informamos en nuestro Aviso Legal y la Politica de Privacidad<\/label>\n<\/p>\n<p><input type=\"submit\" value=\"Enviar\" \/>\n<\/p>\n<\/form>\n<p>\t\t\t<iframe loading=\"lazy\"\n\t\t\t\t\tsrc=\"https:\/\/maps.google.com\/maps?q=SUP%20%26%20SAIL&#038;t=m&#038;z=13&#038;output=embed&#038;iwloc=near\"\n\t\t\t\t\ttitle=\"SUP &amp; SAIL\"\n\t\t\t\t\taria-label=\"SUP &amp; SAIL\"\n\t\t\t><\/iframe><\/p>\n<h2>Productes destacats en la nostra localitzaci\u00f3 de Matar\u00f3<\/h2>\n<ul>\n                <\/ul>\n<p>    <img loading=\"lazy\" width=\"1348\" height=\"750\" src=\"https:\/\/supandsail.com\/wp-content\/uploads\/2022\/04\/verano-con-ninos-en-Mataro.png\" alt=\"verano con ni\u00f1os en Matar\u00f3\" decoding=\"async\" loading=\"lazy\" srcset=\"https:\/\/supandsail.com\/wp-content\/uploads\/2022\/04\/verano-con-ninos-en-Mataro.png 1348w, https:\/\/supandsail.com\/wp-content\/uploads\/2022\/04\/verano-con-ninos-en-Mataro-300x167.png 300w, https:\/\/supandsail.com\/wp-content\/uploads\/2022\/04\/verano-con-ninos-en-Mataro-1024x570.png 1024w, https:\/\/supandsail.com\/wp-content\/uploads\/2022\/04\/verano-con-ninos-en-Mataro-768x427.png 768w, https:\/\/supandsail.com\/wp-content\/uploads\/2022\/04\/verano-con-ninos-en-Mataro-370x206.png 370w, https:\/\/supandsail.com\/wp-content\/uploads\/2022\/04\/verano-con-ninos-en-Mataro-760x423.png 760w, https:\/\/supandsail.com\/wp-content\/uploads\/2022\/04\/verano-con-ninos-en-Mataro-600x334.png 600w\" sizes=\"auto, (max-width: 1348px) 100vw, 1348px\" title=\"\"><br \/>\n                                                                                    <a href=\"https:\/\/supandsail.com\/producto\/abono-15-dias\/\" data-quantity=\"1\" data-product_id=\"4736\" data-product_sku=\"\" aria-label=\"Elige las opciones para &ldquo;Abono 15 d\u00edas&rdquo;\" rel=\"nofollow\">Comprar<\/a><br \/>\n                                        <img loading=\"lazy\" width=\"1304\" height=\"732\" src=\"https:\/\/supandsail.com\/wp-content\/uploads\/2022\/06\/paddle-team.png\" alt=\"Team Building de Paddle Surf\" decoding=\"async\" loading=\"lazy\" srcset=\"https:\/\/supandsail.com\/wp-content\/uploads\/2022\/06\/paddle-team.png 1304w, https:\/\/supandsail.com\/wp-content\/uploads\/2022\/06\/paddle-team-300x168.png 300w, https:\/\/supandsail.com\/wp-content\/uploads\/2022\/06\/paddle-team-1024x575.png 1024w, https:\/\/supandsail.com\/wp-content\/uploads\/2022\/06\/paddle-team-768x431.png 768w, https:\/\/supandsail.com\/wp-content\/uploads\/2022\/06\/paddle-team-370x208.png 370w, https:\/\/supandsail.com\/wp-content\/uploads\/2022\/06\/paddle-team-1170x658.png 1170w, https:\/\/supandsail.com\/wp-content\/uploads\/2022\/06\/paddle-team-760x427.png 760w, https:\/\/supandsail.com\/wp-content\/uploads\/2022\/06\/paddle-team-600x337.png 600w, https:\/\/supandsail.com\/wp-content\/uploads\/2022\/06\/paddle-team-270x152.png 270w\" sizes=\"auto, (max-width: 1304px) 100vw, 1304px\" title=\"\"><br \/>\n                                                            <a href=\"https:\/\/supandsail.com\/producto\/abono-15-dias\/\"><\/p>\n<h3>Abono 15 d\u00edas<\/h3>\n<p>                                <\/a><br \/>\n        90.00&euro; &ndash; 120.00&euro;<br \/>\n    <a href=\"https:\/\/supandsail.com\/producto\/abono-15-dias\/\" data-quantity=\"1\" data-product_id=\"4736\" data-product_sku=\"\" aria-label=\"Elige las opciones para &ldquo;Abono 15 d\u00edas&rdquo;\" rel=\"nofollow\">Comprar<\/a><\/p>\n<ul>\n                <\/ul>\n<p>    <img loading=\"lazy\" width=\"1348\" height=\"750\" src=\"https:\/\/supandsail.com\/wp-content\/uploads\/2022\/04\/verano-con-ninos-en-Mataro.png\" alt=\"verano con ni\u00f1os en Matar\u00f3\" decoding=\"async\" loading=\"lazy\" srcset=\"https:\/\/supandsail.com\/wp-content\/uploads\/2022\/04\/verano-con-ninos-en-Mataro.png 1348w, https:\/\/supandsail.com\/wp-content\/uploads\/2022\/04\/verano-con-ninos-en-Mataro-300x167.png 300w, https:\/\/supandsail.com\/wp-content\/uploads\/2022\/04\/verano-con-ninos-en-Mataro-1024x570.png 1024w, https:\/\/supandsail.com\/wp-content\/uploads\/2022\/04\/verano-con-ninos-en-Mataro-768x427.png 768w, https:\/\/supandsail.com\/wp-content\/uploads\/2022\/04\/verano-con-ninos-en-Mataro-370x206.png 370w, https:\/\/supandsail.com\/wp-content\/uploads\/2022\/04\/verano-con-ninos-en-Mataro-760x423.png 760w, https:\/\/supandsail.com\/wp-content\/uploads\/2022\/04\/verano-con-ninos-en-Mataro-600x334.png 600w\" sizes=\"auto, (max-width: 1348px) 100vw, 1348px\" title=\"\"><br \/>\n                                                                                    <a href=\"https:\/\/supandsail.com\/producto\/abono-30-dias\/\" data-quantity=\"1\" data-product_id=\"4739\" data-product_sku=\"\" aria-label=\"Elige las opciones para &ldquo;Abono 30 d\u00edas&rdquo;\" rel=\"nofollow\">Comprar<\/a><br \/>\n                                        <img loading=\"lazy\" width=\"1304\" height=\"732\" src=\"https:\/\/supandsail.com\/wp-content\/uploads\/2022\/06\/paddle-team.png\" alt=\"Team Building de Paddle Surf\" decoding=\"async\" loading=\"lazy\" srcset=\"https:\/\/supandsail.com\/wp-content\/uploads\/2022\/06\/paddle-team.png 1304w, https:\/\/supandsail.com\/wp-content\/uploads\/2022\/06\/paddle-team-300x168.png 300w, https:\/\/supandsail.com\/wp-content\/uploads\/2022\/06\/paddle-team-1024x575.png 1024w, https:\/\/supandsail.com\/wp-content\/uploads\/2022\/06\/paddle-team-768x431.png 768w, https:\/\/supandsail.com\/wp-content\/uploads\/2022\/06\/paddle-team-370x208.png 370w, https:\/\/supandsail.com\/wp-content\/uploads\/2022\/06\/paddle-team-1170x658.png 1170w, https:\/\/supandsail.com\/wp-content\/uploads\/2022\/06\/paddle-team-760x427.png 760w, https:\/\/supandsail.com\/wp-content\/uploads\/2022\/06\/paddle-team-600x337.png 600w, https:\/\/supandsail.com\/wp-content\/uploads\/2022\/06\/paddle-team-270x152.png 270w\" sizes=\"auto, (max-width: 1304px) 100vw, 1304px\" title=\"\"><br \/>\n                                                            <a href=\"https:\/\/supandsail.com\/producto\/abono-30-dias\/\"><\/p>\n<h3>Abono 30 d\u00edas<\/h3>\n<p>                                <\/a><br \/>\n        120.00&euro; &ndash; 180.00&euro;<br \/>\n    <a href=\"https:\/\/supandsail.com\/producto\/abono-30-dias\/\" data-quantity=\"1\" data-product_id=\"4739\" data-product_sku=\"\" aria-label=\"Elige las opciones para &ldquo;Abono 30 d\u00edas&rdquo;\" rel=\"nofollow\">Comprar<\/a><\/p>\n<ul>\n                <\/ul>\n<p>    <img loading=\"lazy\" width=\"1348\" height=\"750\" src=\"https:\/\/supandsail.com\/wp-content\/uploads\/2022\/04\/verano-con-ninos-en-Mataro.png\" alt=\"verano con ni\u00f1os en Matar\u00f3\" decoding=\"async\" loading=\"lazy\" srcset=\"https:\/\/supandsail.com\/wp-content\/uploads\/2022\/04\/verano-con-ninos-en-Mataro.png 1348w, https:\/\/supandsail.com\/wp-content\/uploads\/2022\/04\/verano-con-ninos-en-Mataro-300x167.png 300w, https:\/\/supandsail.com\/wp-content\/uploads\/2022\/04\/verano-con-ninos-en-Mataro-1024x570.png 1024w, https:\/\/supandsail.com\/wp-content\/uploads\/2022\/04\/verano-con-ninos-en-Mataro-768x427.png 768w, https:\/\/supandsail.com\/wp-content\/uploads\/2022\/04\/verano-con-ninos-en-Mataro-370x206.png 370w, https:\/\/supandsail.com\/wp-content\/uploads\/2022\/04\/verano-con-ninos-en-Mataro-760x423.png 760w, https:\/\/supandsail.com\/wp-content\/uploads\/2022\/04\/verano-con-ninos-en-Mataro-600x334.png 600w\" sizes=\"auto, (max-width: 1348px) 100vw, 1348px\" title=\"\"><br \/>\n                                                                                    <a href=\"https:\/\/supandsail.com\/producto\/abono-7-dias\/\" data-quantity=\"1\" data-product_id=\"4715\" data-product_sku=\"\" aria-label=\"Elige las opciones para &ldquo;Abono 7 d\u00edas&rdquo;\" rel=\"nofollow\">Comprar<\/a><br \/>\n                                        <img loading=\"lazy\" width=\"960\" height=\"540\" src=\"https:\/\/supandsail.com\/wp-content\/uploads\/2022\/07\/Disseny-sense-ti\u0301tol-26.jpg\" alt=\"\" decoding=\"async\" loading=\"lazy\" srcset=\"https:\/\/supandsail.com\/wp-content\/uploads\/2022\/07\/Disseny-sense-ti\u0301tol-26.jpg 960w, https:\/\/supandsail.com\/wp-content\/uploads\/2022\/07\/Disseny-sense-ti\u0301tol-26-300x169.jpg 300w, https:\/\/supandsail.com\/wp-content\/uploads\/2022\/07\/Disseny-sense-ti\u0301tol-26-768x432.jpg 768w, https:\/\/supandsail.com\/wp-content\/uploads\/2022\/07\/Disseny-sense-ti\u0301tol-26-370x208.jpg 370w, https:\/\/supandsail.com\/wp-content\/uploads\/2022\/07\/Disseny-sense-ti\u0301tol-26-760x428.jpg 760w, https:\/\/supandsail.com\/wp-content\/uploads\/2022\/07\/Disseny-sense-ti\u0301tol-26-600x338.jpg 600w, https:\/\/supandsail.com\/wp-content\/uploads\/2022\/07\/Disseny-sense-ti\u0301tol-26-270x152.jpg 270w\" sizes=\"auto, (max-width: 960px) 100vw, 960px\" title=\"\"><br \/>\n                                                            <a href=\"https:\/\/supandsail.com\/producto\/abono-7-dias\/\"><\/p>\n<h3>Abono 7 d\u00edas<\/h3>\n<p>                                <\/a><br \/>\n        70.00&euro; &ndash; 84.00&euro;<br \/>\n    <a href=\"https:\/\/supandsail.com\/producto\/abono-7-dias\/\" data-quantity=\"1\" data-product_id=\"4715\" data-product_sku=\"\" aria-label=\"Elige las opciones para &ldquo;Abono 7 d\u00edas&rdquo;\" rel=\"nofollow\">Comprar<\/a><\/p>\n","protected":false},"excerpt":{"rendered":"<p>Contacte Dubtes &amp; Colaboracions Contacte SUP&hellip;<\/p>\n","protected":false},"author":1,"featured_media":13360,"parent":0,"menu_order":0,"comment_status":"closed","ping_status":"closed","template":"","meta":{"footnotes":"","_links_to":"","_links_to_target":""},"class_list":["post-4581","page","type-page","status-publish","has-post-thumbnail","hentry"],"_links":{"self":[{"href":"https:\/\/supandsail.com\/ca\/wp-json\/wp\/v2\/pages\/4581","targetHints":{"allow":["GET"]}}],"collection":[{"href":"https:\/\/supandsail.com\/ca\/wp-json\/wp\/v2\/pages"}],"about":[{"href":"https:\/\/supandsail.com\/ca\/wp-json\/wp\/v2\/types\/page"}],"author":[{"embeddable":true,"href":"https:\/\/supandsail.com\/ca\/wp-json\/wp\/v2\/users\/1"}],"replies":[{"embeddable":true,"href":"https:\/\/supandsail.com\/ca\/wp-json\/wp\/v2\/comments?post=4581"}],"version-history":[{"count":4,"href":"https:\/\/supandsail.com\/ca\/wp-json\/wp\/v2\/pages\/4581\/revisions"}],"predecessor-version":[{"id":4980,"href":"https:\/\/supandsail.com\/ca\/wp-json\/wp\/v2\/pages\/4581\/revisions\/4980"}],"wp:featuredmedia":[{"embeddable":true,"href":"https:\/\/supandsail.com\/ca\/wp-json\/wp\/v2\/media\/13360"}],"wp:attachment":[{"href":"https:\/\/supandsail.com\/ca\/wp-json\/wp\/v2\/media?parent=4581"}],"curies":[{"name":"wp","href":"https:\/\/api.w.org\/{rel}","templated":true}]}}