{"id":4586,"date":"2022-04-04T14:43:34","date_gmt":"2022-04-04T12:43:34","guid":{"rendered":"https:\/\/supandsail.com\/condiciones-de-uso\/"},"modified":"2023-04-18T19:57:26","modified_gmt":"2023-04-18T17:57:26","slug":"condiciones-de-uso","status":"publish","type":"page","link":"https:\/\/supandsail.com\/ca\/condiciones-de-uso\/","title":{"rendered":"Condicions d&#8217;us"},"content":{"rendered":"\t\t<div data-elementor-type=\"wp-page\" data-elementor-id=\"4586\" class=\"elementor elementor-4586 elementor-27\">\n\t\t\t\t\t\t<section data-exad-particle-enable=\"false\" class=\"elementor-section elementor-top-section elementor-element elementor-element-6ef26c9c elementor-section-boxed elementor-section-height-default elementor-section-height-default exad-parallax-effect-no exad-background-color-change-no exad-glass-effect-no exad-sticky-section-no\" data-id=\"6ef26c9c\" data-element_type=\"section\" data-e-type=\"section\">\n\t\t\t\t\t\t<div class=\"elementor-container elementor-column-gap-extended\">\n\t\t\t\t\t<div class=\"elementor-column elementor-col-100 elementor-top-column elementor-element elementor-element-a097941 sc_inner_width_none sc_layouts_column_icons_position_left exad-glass-effect-no exad-sticky-section-no\" data-id=\"a097941\" data-element_type=\"column\" data-e-type=\"column\">\n\t\t\t<div class=\"elementor-widget-wrap elementor-element-populated\">\n\t\t\t\t\t\t<div class=\"elementor-element elementor-element-4d382612 exad-sticky-section-no exad-glass-effect-no sc_fly_static elementor-widget elementor-widget-text-editor\" data-id=\"4d382612\" data-element_type=\"widget\" data-e-type=\"widget\" data-widget_type=\"text-editor.default\">\n\t\t\t\t<div class=\"elementor-widget-container\">\n\t\t\t\t\t\t\t\t\t<div style=\"color: #000000; font-size: medium; font-style: normal; font-weight: 400; letter-spacing: normal; border-style: none none solid; border-bottom-color: #e6e6e6; padding: 0cm 0cm 31pt; border-width: initial initial 1pt initial;\">\n<p style=\"margin: 0.75pt 0cm 0.0001pt; font-size: 12pt; font-family: Calibri, sans-serif; border-width: initial; border-style: none; padding: 0cm;\"><b><span style=\"font-size: 36pt; color: #32325d;\"><br><\/span><\/b><\/p>\n<p style=\"margin: 0.75pt 0cm 0.0001pt; font-size: 12pt; font-family: Calibri, sans-serif; border-width: initial; border-style: none; padding: 0cm;\"><b><span style=\"font-size: 36pt; color: #32325d;\">Condicions d&#8217;us<\/span><\/b><\/p>\n<\/div>\n<p style=\"margin: 0cm 0cm 0.0001pt; font-size: 12pt; font-family: Calibri, sans-serif; color: #000000; font-style: normal; font-weight: 400; letter-spacing: normal;\"><b><br><\/b><\/p>\n<p style=\"margin: 0cm 0cm 0.0001pt; font-size: 12pt; font-family: Calibri, sans-serif; color: #000000; font-style: normal; font-weight: 400; letter-spacing: normal;\"><b>&nbsp;<\/b><\/p>\n<p style=\"margin: 0cm 0cm 0.0001pt; font-size: 12pt; font-family: Calibri, sans-serif; color: #000000; font-style: normal; font-weight: 400; letter-spacing: normal;\"><b>INFORMACI\u00d3 RELLEVANT<\/b><\/p>\n<p style=\"margin: 0cm 0cm 7.5pt; font-size: 12pt; font-family: Calibri, sans-serif; color: #000000; font-style: normal; font-weight: 400; letter-spacing: normal;\">\u00c9s requisit necessari per a l&#8217;adquisici\u00f3 dels productes que s&#8217;ofereixen en aquest lloc, que llegeixi i accepti els seg\u00fcents Termes i Condicions que a continuaci\u00f3 es redacten. L&#8217;\u00fas dels nostres serveis aix\u00ed com la compra dels nostres productes implicar\u00e0 que vost\u00e8 ha llegit i acceptat els Termes i Condicions d&#8217;\u00das en el present document. Totes els productes&nbsp; que s\u00f3n oferts pel nostre lloc web poguessin ser creades, cobrades, enviades o presentades per una p\u00e0gina web tercera i en tal cas estarien subjectes als seus propis Termes i Condicions. En alguns casos, per a adquirir un producte, ser\u00e0 necessari el registre per part de l&#8217;usuari, amb ingr\u00e9s de dades personals fidedignes i definici\u00f3 d&#8217;una contrasenya.<\/p>\n<p style=\"margin: 0cm 0cm 7.5pt; font-size: 12pt; font-family: Calibri, sans-serif; color: #000000; font-style: normal; font-weight: 400; letter-spacing: normal;\">L&#8217;usuari pot triar i canviar la clau per al seu acc\u00e9s d&#8217;administraci\u00f3 del compte en qualsevol moment, en cas que s&#8217;hagi registrat i que sigui necessari per a la compra d&#8217;algun dels nostres productes. https:\/\/supandsail.com\/ no assumeix la responsabilitat en cas que lliuri aquesta clau a tercers.<\/p>\n<p style=\"margin: 0cm 0cm 7.5pt; font-size: 12pt; font-family: Calibri, sans-serif; color: #000000; font-style: normal; font-weight: 400; letter-spacing: normal;\">Totes les compres i transaccions que es duguin a terme per mitj\u00e0 d&#8217;aquest lloc web, estan subjectes a un proc\u00e9s de confirmaci\u00f3 i verificaci\u00f3, el qual podria incloure la verificaci\u00f3 de l&#8217;estoc i disponibilitat de producte, validaci\u00f3 de la forma de pagament, validaci\u00f3 de la factura (en cas d&#8217;existir) i el compliment de les condicions requerides pel mitj\u00e0 de pagament seleccionat. En alguns casos pot ser que es requereixi una verificaci\u00f3 per mitj\u00e0 de correu electr\u00f2nic.<\/p>\n<p style=\"margin: 0cm 0cm 7.5pt; font-size: 12pt; font-family: Calibri, sans-serif; color: #000000; font-style: normal; font-weight: 400; letter-spacing: normal;\">Els preus dels productes oferts en aquesta Botiga En l\u00ednia \u00e9s v\u00e0lid solament en les compres realitzades en aquest lloc web.<\/p>\n<p style=\"margin: 0cm 0cm 0.0001pt; font-size: 12pt; font-family: Calibri, sans-serif; color: #000000; font-style: normal; font-weight: 400; letter-spacing: normal;\"><b>&nbsp;<\/b><\/p>\n<p style=\"margin: 0cm 0cm 0.0001pt; font-size: 12pt; font-family: Calibri, sans-serif; color: #000000; font-style: normal; font-weight: 400; letter-spacing: normal;\"><b><br><\/b><\/p>\n<p style=\"margin: 0cm 0cm 0.0001pt; font-size: 12pt; font-family: Calibri, sans-serif; color: #000000; font-style: normal; font-weight: 400; letter-spacing: normal;\"><b>POL\u00cdTICA DE REEMBORSAMENT I GARANTIA<\/b><\/p>\n<p style=\"margin: 0cm 0cm 7.5pt; font-size: 12pt; font-family: Calibri, sans-serif; color: #000000; font-style: normal; font-weight: 400; letter-spacing: normal;\">En el cas de productes que siguin &nbsp; mercaderies irrevocables no-tangibles, no realitzem reemborsaments una vegada comprat el producte, vost\u00e8 t\u00e9 la responsabilitat d&#8217;entendre abans de comprar-lo. &nbsp;Li demanem que llegeixi acuradament abans de comprar-ho. Fem solament excepcions amb aquesta regla quan la descripci\u00f3 no s&#8217;ajusta al producte. Hi ha alguns productes que poguessin tenir garantia i possibilitat de reemborsament per\u00f2 aquest ser\u00e0 especificat en comprar el producte. En tals casos la garantia nom\u00e9s cobrir\u00e0 falles de f\u00e0brica i nom\u00e9s es far\u00e0 efectiva quan el producte s&#8217;hagi usat correctament. La garantia no cobreix avaries o danys ocasionats per \u00fas indegut. Els termes de la garantia estan associats a falles de fabricaci\u00f3 i funcionament en condicions normals dels productes i nom\u00e9s es faran efectius aquests termes si l&#8217;equip ha estat usat correctament. Aix\u00f2 inclou:<\/p>\n<p style=\"margin: 0cm 0cm 0.0001pt; font-size: 12pt; font-family: Calibri, sans-serif; color: #000000; font-style: normal; font-weight: 400; letter-spacing: normal;\">\u2013 D&#8217;acord amb les especificacions t\u00e8cniques indicades per a cada producte.<br>\u2013 En condicions ambientals d&#8217;acord amb les especificacions indicades pel fabricant.<br>\u2013 En \u00fas espec\u00edfic per a la funci\u00f3 amb qu\u00e8 va ser dissenyat de f\u00e0brica.<br>\u2013 En condicions d&#8217;operaci\u00f3 el\u00e8ctriques d&#8217;acord amb les especificacions i toler\u00e0ncies indicades.<\/p>\n<p style=\"margin: 0cm 0cm 0.0001pt; font-size: 12pt; font-family: Calibri, sans-serif; color: #000000; font-style: normal; font-weight: 400; letter-spacing: normal;\">\n<\/p><p style=\"margin: 0cm 0cm 0.0001pt; font-size: 12pt; font-family: Calibri, sans-serif; color: #000000; font-style: normal; font-weight: 400; letter-spacing: normal;\"><b>&nbsp;<\/b><\/p>\n<p style=\"margin: 0cm 0cm 0.0001pt; font-size: 12pt; font-family: Calibri, sans-serif; color: #000000; font-style: normal; font-weight: 400; letter-spacing: normal;\"><b><br><\/b><\/p>\n<p style=\"margin: 0cm 0cm 0.0001pt; font-size: 12pt; font-family: Calibri, sans-serif; color: #000000; font-style: normal; font-weight: 400; letter-spacing: normal;\"><b>COMPROVACI\u00d3 ANTIFRAU<\/b><\/p>\n<p style=\"margin: 0cm 0cm 7.5pt; font-size: 12pt; font-family: Calibri, sans-serif; color: #000000; font-style: normal; font-weight: 400; letter-spacing: normal;\">La compra del client pot ser ajornada per a la comprovaci\u00f3 antifrau. Tamb\u00e9 pot ser suspesa per m\u00e9s temps per a una recerca m\u00e9s rigorosa, per a evitar transaccions fraudulentes.<\/p>\n<p style=\"margin: 0cm 0cm 0.0001pt; font-size: 12pt; font-family: Calibri, sans-serif; color: #000000; font-style: normal; font-weight: 400; letter-spacing: normal;\"><b>&nbsp;<\/b><\/p>\n<p style=\"margin: 0cm 0cm 0.0001pt; font-size: 12pt; font-family: Calibri, sans-serif; color: #000000; font-style: normal; font-weight: 400; letter-spacing: normal;\"><b><br><\/b><\/p>\n<p style=\"margin: 0cm 0cm 0.0001pt; font-size: 12pt; font-family: Calibri, sans-serif; color: #000000; font-style: normal; font-weight: 400; letter-spacing: normal;\"><b>PRIVACITAT<\/b><\/p>\n<p style=\"margin: 0cm 0cm 7.5pt; font-size: 12pt; font-family: Calibri, sans-serif; color: #000000; font-style: normal; font-weight: 400; letter-spacing: normal;\">Aquest&nbsp;lloc web&nbsp;https:\/\/supandsail.com garanteix que la informaci\u00f3 personal que vost\u00e8 envia compta amb la seguretat necess\u00e0ria. Les dades ingressades per usuari o en el cas de requerir una validaci\u00f3 de les comandes no seran lliurats a tercers, tret que hagi de ser revelada en compliment a una ordre judicial o requeriments legals.<\/p>\n<p style=\"margin: 0cm 0cm 7.5pt; font-size: 12pt; font-family: Calibri, sans-serif; color: #000000; font-style: normal; font-weight: 400; letter-spacing: normal;\">SUP and Sail Activities, S.L. reserva els drets de canviar o de modificar aquests termes sense previ av\u00eds.<\/p>\n<p style=\"margin: 0cm 0cm 0.0001pt; font-size: 12pt; font-family: Calibri, sans-serif; color: #000000; font-style: normal; font-weight: 400; letter-spacing: normal;\"><b>&nbsp;<\/b><\/p>\n<p style=\"margin: 0cm 0cm 0.0001pt; font-size: 12pt; font-family: Calibri, sans-serif; color: #000000; font-style: normal; font-weight: 400; letter-spacing: normal;\"><b><br><\/b><\/p>\n<p style=\"margin: 0cm 0cm 0.0001pt; font-size: 12pt; font-family: Calibri, sans-serif; color: #000000; font-style: normal; font-weight: 400; letter-spacing: normal;\"><b>CONDICIONS PER A TOTS ELS SERVEIS<\/b><\/p>\n<ul>\n<li style=\"font-size: 12pt; font-family: Calibri, sans-serif; color: #000000; font-style: normal; font-weight: 400; letter-spacing: normal;\">Saber nadar.<\/li>\n<li style=\"font-size: 12pt; font-family: Calibri, sans-serif; color: #000000; font-style: normal; font-weight: 400; letter-spacing: normal;\">Edat minima de 13 anys i 145cm d&#8217;estatura.<\/li>\n<li style=\"font-size: 12pt; font-family: Calibri, sans-serif; color: #000000; font-style: normal; font-weight: 400; letter-spacing: normal;\">Pes inferior a 120KG i altura inferior a 2m.<\/li>\n<li style=\"font-size: 12pt; font-family: Calibri, sans-serif; color: #000000; font-style: normal; font-weight: 400; letter-spacing: normal;\">Els menors d&#8217;edat hauran d&#8217;anar acompanyats per una persona responsable.<\/li>\n<li style=\"font-size: 12pt; font-family: Calibri, sans-serif; color: #000000; font-style: normal; font-weight: 400; letter-spacing: normal;\">Portar en tot moment l&#8217;equipament requerit per a l&#8217;activitat, \u00fas obligat de la armilla salvavides, proporcionat per SUP and SAIL Activities, S.L.<\/li>\n<li style=\"font-size: 12pt; font-family: Calibri, sans-serif; color: #000000; font-style: normal; font-weight: 400; letter-spacing: normal;\">Seguir en tot moment les indicacions dels t\u00e8cnics \/ instructors \/ monitors tant en el funcionament de l&#8217;activitat com en l&#8217;\u00fas del material t\u00e8cnic.<\/li>\n<li style=\"font-size: 12pt; font-family: Calibri, sans-serif; color: #000000; font-style: normal; font-weight: 400; letter-spacing: normal;\">\u00c9s responsabilitat del client despla\u00e7ar-se fins al lloc de l&#8217;activitat.<\/li>\n<li style=\"font-size: 12pt; font-family: Calibri, sans-serif; color: #000000; font-style: normal; font-weight: 400; letter-spacing: normal;\">Els nostres serveis estan subjectes a les condicions meteorol\u00f2giques canviants i a l&#8217;estat de la mar, per aquest motiu a vegades ens veiem obligats a comunicar canvis d&#8217;\u00faltima hora, com pogu\u00e9s ser l&#8217;anul\u00b7laci\u00f3 de l&#8217;activitat. SUP and SAIL Activities, S.L. comunicar\u00e0 amb el client la conformitat d&#8217;aquests canvis mitjan\u00e7ant trucada telef\u00f2nica, correu electr\u00f2nic o missatge de text.<\/li>\n<li style=\"font-size: 12pt; font-family: Calibri, sans-serif; color: #000000; font-style: normal; font-weight: 400; letter-spacing: normal;\">Es recomana no portar objectes de valor, SUP and SAIL Activities, S.L. no disposa de les estructures adequades per a custodiar el material personal, per aquest motiu, no es responsabilitza de possibles p\u00e8rdues o danys en el material personal custodiat.<\/li>\n<\/ul>\n<p style=\"margin: 0cm 0cm 0.0001pt; font-size: 12pt; font-family: Calibri, sans-serif; color: #000000; font-style: normal; font-weight: 400; letter-spacing: normal;\"><b>&nbsp;<\/b><\/p>\n<p style=\"margin: 0cm 0cm 0.0001pt; font-size: 12pt; font-family: Calibri, sans-serif; color: #000000; font-style: normal; font-weight: 400; letter-spacing: normal;\"><b>Lloguer Paddle Surf<\/b><\/p>\n<p style=\"margin: 0cm 0cm 0.0001pt; font-size: 12pt; font-family: Calibri, sans-serif; color: #000000; font-style: normal; font-weight: 400; letter-spacing: normal;\">El lloguer de Paddle Surf permet l&#8217;\u00fas d&#8217;una persona per taula.<\/p>\n<p style=\"margin: 0cm 0cm 0.0001pt; font-size: 12pt; font-family: Calibri, sans-serif; color: #000000; font-style: normal; font-weight: 400; letter-spacing: normal;\">\n<\/p><p style=\"margin: 0cm 0cm 0.0001pt; font-size: 12pt; font-family: Calibri, sans-serif; color: #000000; font-style: normal; font-weight: 400; letter-spacing: normal;\"><b>&nbsp;<\/b><\/p>\n<p style=\"margin: 0cm 0cm 0.0001pt; font-size: 12pt; font-family: Calibri, sans-serif; color: #000000; font-style: normal; font-weight: 400; letter-spacing: normal;\"><b>Lloguer Surf<\/b><\/p>\n<p style=\"margin: 0cm 0cm 0.0001pt; font-size: 12pt; font-family: Calibri, sans-serif; color: #000000; font-style: normal; font-weight: 400; letter-spacing: normal;\">El lloguer de Surf permet l&#8217;\u00fas d&#8217;una persona per taula.<\/p>\n<p style=\"margin: 0cm 0cm 0.0001pt; font-size: 12pt; font-family: Calibri, sans-serif; color: #000000; font-style: normal; font-weight: 400; letter-spacing: normal;\">\n<\/p><p style=\"margin: 0cm 0cm 0.0001pt; font-size: 12pt; font-family: Calibri, sans-serif; color: #000000; font-style: normal; font-weight: 400; letter-spacing: normal;\"><b>&nbsp;<\/b><\/p>\n<p style=\"margin: 0cm 0cm 0.0001pt; font-size: 12pt; font-family: Calibri, sans-serif; color: #000000; font-style: normal; font-weight: 400; letter-spacing: normal;\"><b>Lloguer Kayak Doble<\/b><\/p>\n<p style=\"margin: 0cm 0cm 0.0001pt; font-size: 12pt; font-family: Calibri, sans-serif; color: #000000; font-style: normal; font-weight: 400; letter-spacing: normal;\">El lloguer de Kayak Doble permet l&#8217;\u00fas per part de dues persones.<\/p>\n<p style=\"margin: 0cm 0cm 0.0001pt; font-size: 12pt; font-family: Calibri, sans-serif; color: #000000; font-style: normal; font-weight: 400; letter-spacing: normal;\">\n<\/p><p style=\"margin: 0cm 0cm 0.0001pt; font-size: 12pt; font-family: Calibri, sans-serif; color: #000000; font-style: normal; font-weight: 400; letter-spacing: normal;\"><b>&nbsp;<\/b><\/p>\n<p style=\"margin: 0cm 0cm 0.0001pt; font-size: 12pt; font-family: Calibri, sans-serif; color: #000000; font-style: normal; font-weight: 400; letter-spacing: normal;\"><b>Packs<\/b><\/p>\n<p style=\"margin: 0cm 0cm 0.0001pt; font-size: 12pt; font-family: Calibri, sans-serif; color: #000000; font-style: normal; font-weight: 400; letter-spacing: normal;\">Els Packs comprats amb un compte, seran per a \u00fas \u00fanic d&#8217;aquesta persona, no es podr\u00e0 comprar un pack i utilitzar-ho amb diverses persones diferents, a excepci\u00f3 del Kayak, que permet l&#8217;\u00fas del titular + un acompanyant.<\/p>\n<p style=\"margin: 0cm 0cm 0.0001pt; font-size: 12pt; font-family: Calibri, sans-serif; color: #000000; font-style: normal; font-weight: 400; letter-spacing: normal;\"><b>&nbsp;<\/b><\/p>\n<p style=\"margin: 0cm 0cm 0.0001pt; font-size: 12pt; font-family: Calibri, sans-serif; color: #000000; font-style: normal; font-weight: 400; letter-spacing: normal;\"><b>Cancelaci\u00f3<\/b><\/p>\n<p style=\"margin: 0cm 0cm 7.5pt; font-size: 12pt; font-family: Calibri, sans-serif; color: #000000; font-style: normal; font-weight: 400; letter-spacing: normal;\">Una vegada feta la reserva es podr\u00e0 cancel\u00b7lar 24 hores abans de l&#8217;horari seleccionat. L&#8217;import no es retornar\u00e0, solament es podr\u00e0 canviar l&#8217;horari.<\/p>\t\t\t\t\t\t\t\t<\/div>\n\t\t\t\t<\/div>\n\t\t\t\t\t<\/div>\n\t\t<\/div>\n\t\t\t\t\t<\/div>\n\t\t<\/section>\n\t\t\t\t<\/div>\n\t\t","protected":false},"excerpt":{"rendered":"<p>Condicions d&#8217;us &nbsp; INFORMACI\u00d3 RELLEVANT \u00c9s&hellip;<\/p>\n","protected":false},"author":1,"featured_media":0,"parent":0,"menu_order":0,"comment_status":"closed","ping_status":"closed","template":"","meta":{"footnotes":"","_links_to":"","_links_to_target":""},"class_list":["post-4586","page","type-page","status-publish","hentry"],"_links":{"self":[{"href":"https:\/\/supandsail.com\/ca\/wp-json\/wp\/v2\/pages\/4586","targetHints":{"allow":["GET"]}}],"collection":[{"href":"https:\/\/supandsail.com\/ca\/wp-json\/wp\/v2\/pages"}],"about":[{"href":"https:\/\/supandsail.com\/ca\/wp-json\/wp\/v2\/types\/page"}],"author":[{"embeddable":true,"href":"https:\/\/supandsail.com\/ca\/wp-json\/wp\/v2\/users\/1"}],"replies":[{"embeddable":true,"href":"https:\/\/supandsail.com\/ca\/wp-json\/wp\/v2\/comments?post=4586"}],"version-history":[{"count":2,"href":"https:\/\/supandsail.com\/ca\/wp-json\/wp\/v2\/pages\/4586\/revisions"}],"predecessor-version":[{"id":4671,"href":"https:\/\/supandsail.com\/ca\/wp-json\/wp\/v2\/pages\/4586\/revisions\/4671"}],"wp:attachment":[{"href":"https:\/\/supandsail.com\/ca\/wp-json\/wp\/v2\/media?parent=4586"}],"curies":[{"name":"wp","href":"https:\/\/api.w.org\/{rel}","templated":true}]}}