{"id":9175,"date":"2023-11-01T09:35:43","date_gmt":"2023-11-01T07:35:43","guid":{"rendered":"https:\/\/supandsail.com\/actividades-para-escuelas-e-institutos\/"},"modified":"2026-02-06T12:43:17","modified_gmt":"2026-02-06T10:43:17","slug":"activitats-per-a-escoles-i-instituts","status":"publish","type":"page","link":"https:\/\/supandsail.com\/ca\/activitats-per-a-escoles-i-instituts\/","title":{"rendered":"Activitats per a escoles i instituts"},"content":{"rendered":"<p><img decoding=\"async\" width=\"1\" height=\"1\" src=\"https:\/\/supandsail.com\/wp-content\/uploads\/2023\/10\/Copy-of-SUpSAIL-1.png\" alt=\"\" title=\"\">\t\t\t\t\t\t\t\t\t\t\t\t\t\t\t<\/p>\n<h1>Descobreix les nostres activitats per a Escoles i Instituts<\/h1>\n<p>4 Hores d&#8217;Activitats Aqu\u00e0tiques per a Infants i Adolescents<\/p>\n<p>Un espai \u00fanic d&#8217;educaci\u00f3, seguretat i treball en equip en un entorn aqu\u00e0tic creat espec\u00edficament per a escoles i instituts.<\/p>\n<p>DATES 2026 OBERTES<\/p>\n<ul>\n<li>\n                                <a href=\"#reserva\"><br \/>\n            RESERVA ARA<br \/>\n                                    <\/a>\n                            <\/li>\n<\/ul>\n<h2>FUNCIONAMENT DE L&#8217;ACTIVITAT<\/h2>\n<h3>\t\t\t\t\t\t\tSessi\u00f3 introduct\u00f2ria\t\t\t\t\t\t<\/h3>\n<p>\n\t\t\t\t\t\t\tInstrucci\u00f3 te\u00f2rica i pr\u00e0ctica de les t\u00e8cniques b\u00e0siques del Paddle Surf per part dels instructors qualificats.\t\t\t\t\t\t<\/p>\n<h3>\t\t\t\t\t\t\tPr\u00e0ctica Supervisada\t\t\t\t\t\t<\/h3>\n<p>\n\t\t\t\t\t\t\tPr\u00e0ctica a l&#8217;aigua en grups petits amb supervisi\u00f3 constant, fomentant la seguretat i la confian\u00e7a.\t\t\t\t\t\t<\/p>\n<h3>\t\t\t\t\t\t\tDesafiament de Grup\t\t\t\t\t\t<\/h3>\n<p>\n\t\t\t\t\t\t\tActivitats i jocs de grup sobre les taules de Paddle Surf per fomentar el treball en equip i la diversi\u00f3.\t\t\t\t\t\t<\/p>\n<p>\t\t\t\t\t\t\t\t\t\t\t\t\t\t\t<img fetchpriority=\"high\" decoding=\"async\" width=\"1024\" height=\"576\" src=\"https:\/\/supandsail.com\/wp-content\/uploads\/2023\/08\/43-1024x576.jpg\" alt=\"\" srcset=\"https:\/\/supandsail.com\/wp-content\/uploads\/2023\/08\/43-1024x576.jpg 1024w, https:\/\/supandsail.com\/wp-content\/uploads\/2023\/08\/43-300x169.jpg 300w, https:\/\/supandsail.com\/wp-content\/uploads\/2023\/08\/43-768x432.jpg 768w, https:\/\/supandsail.com\/wp-content\/uploads\/2023\/08\/43-370x208.jpg 370w, https:\/\/supandsail.com\/wp-content\/uploads\/2023\/08\/43-1170x658.jpg 1170w, https:\/\/supandsail.com\/wp-content\/uploads\/2023\/08\/43-760x428.jpg 760w, https:\/\/supandsail.com\/wp-content\/uploads\/2023\/08\/43-600x338.jpg 600w, https:\/\/supandsail.com\/wp-content\/uploads\/2023\/08\/43-270x152.jpg 270w, https:\/\/supandsail.com\/wp-content\/uploads\/2023\/08\/43.jpg 1200w\" sizes=\"(max-width: 1024px) 100vw, 1024px\" title=\"\"><br \/>\n\t\t\t\t\t\t\t\t\t\t\t\t\t\t\t<img decoding=\"async\" width=\"1024\" height=\"576\" src=\"https:\/\/supandsail.com\/wp-content\/uploads\/2023\/08\/Plantilla-Fotos-Web-2-1-1024x576.jpg\" alt=\"\" srcset=\"https:\/\/supandsail.com\/wp-content\/uploads\/2023\/08\/Plantilla-Fotos-Web-2-1-1024x576.jpg 1024w, https:\/\/supandsail.com\/wp-content\/uploads\/2023\/08\/Plantilla-Fotos-Web-2-1-300x169.jpg 300w, https:\/\/supandsail.com\/wp-content\/uploads\/2023\/08\/Plantilla-Fotos-Web-2-1-768x432.jpg 768w, https:\/\/supandsail.com\/wp-content\/uploads\/2023\/08\/Plantilla-Fotos-Web-2-1-370x208.jpg 370w, https:\/\/supandsail.com\/wp-content\/uploads\/2023\/08\/Plantilla-Fotos-Web-2-1-1170x658.jpg 1170w, https:\/\/supandsail.com\/wp-content\/uploads\/2023\/08\/Plantilla-Fotos-Web-2-1-760x428.jpg 760w, https:\/\/supandsail.com\/wp-content\/uploads\/2023\/08\/Plantilla-Fotos-Web-2-1-600x338.jpg 600w, https:\/\/supandsail.com\/wp-content\/uploads\/2023\/08\/Plantilla-Fotos-Web-2-1-270x152.jpg 270w, https:\/\/supandsail.com\/wp-content\/uploads\/2023\/08\/Plantilla-Fotos-Web-2-1.jpg 1440w\" sizes=\"(max-width: 1024px) 100vw, 1024px\" title=\"\">\t\t\t\t\t\t\t\t\t\t\t\t\t\t\t<\/p>\n<h2>Recursos educatius abans de l&#8217;activitat<\/h2>\n<h3>\t\t\t\t\t\t\tMaterial Preparatori\t\t\t\t\t\t<\/h3>\n<p>\n\t\t\t\t\t\t\tL&#8217;escola\/institut rebr\u00e0 material educatiu en forma de guia, per familiaritzar-se amb el Paddle Surf abans de la sessi\u00f3.\t\t\t\t\t\t<\/p>\n<h3>\t\t\t\t\t\t\tExploraci\u00f3 de l&#8217;Ecosistema Aqu\u00e0tic\t\t\t\t\t\t<\/h3>\n<p>\n\t\t\t\t\t\t\tL&#8217;escola rebr\u00e0 un document digital per a tots els participants sobre la fauna i la flora locals, fomentant l&#8217;educaci\u00f3 ambiental.\t\t\t\t\t\t<\/p>\n<h3>\t\t\t\t\t\t\tV\u00eddeo introductori Formatiu\t\t\t\t\t\t<\/h3>\n<p>\n\t\t\t\t\t\t\tS&#8217;enviar\u00e0 un v\u00eddeo introductori motivacional i formatiu motivant l&#8217;activitat i les expectatives.\t\t\t\t\t\t<\/p>\n<p>La nostra experi\u00e8ncia comen\u00e7a des que et poses en contacte amb nosaltres. Creant un pla \u00fanic on l&#8217;escola, els professors i els alumnes entren a la planificaci\u00f3 completa de l&#8217;activitat.<\/p>\n<p>\t\t\t\t\t\t\t\t\t\t\t\t\t\t\t<img loading=\"lazy\" decoding=\"async\" width=\"688\" height=\"688\" src=\"https:\/\/supandsail.com\/wp-content\/uploads\/2023\/11\/escola-institut-2.png\" alt=\"Activitats per a escoles i instituts\" srcset=\"https:\/\/supandsail.com\/wp-content\/uploads\/2023\/11\/escola-institut-2.png 688w, https:\/\/supandsail.com\/wp-content\/uploads\/2023\/11\/escola-institut-2-300x300.png 300w, https:\/\/supandsail.com\/wp-content\/uploads\/2023\/11\/escola-institut-2-150x150.png 150w, https:\/\/supandsail.com\/wp-content\/uploads\/2023\/11\/escola-institut-2-370x370.png 370w, https:\/\/supandsail.com\/wp-content\/uploads\/2023\/11\/escola-institut-2-90x90.png 90w, https:\/\/supandsail.com\/wp-content\/uploads\/2023\/11\/escola-institut-2-270x270.png 270w, https:\/\/supandsail.com\/wp-content\/uploads\/2023\/11\/escola-institut-2-570x570.png 570w, https:\/\/supandsail.com\/wp-content\/uploads\/2023\/11\/escola-institut-2-600x600.png 600w\" sizes=\"(max-width: 688px) 100vw, 688px\" title=\"\">\t\t\t\t\t\t\t\t\t\t\t\t\t\t\t<\/p>\n<h2>NO S&#8217;ACABA AQU\u00cd&#8230; Activitats per a Escoles i Instituts.<\/h2>\n<ul>\n<li>\n\t\t\t\t\t\t\t\t\t\tSuport disponible a trav\u00e9s de correu electr\u00f2nic i tel\u00e8fon per a qualsevol consulta o necessitat abans de l&#8217;activitat.\n\t\t\t\t\t\t\t\t\t<\/li>\n<li>\n\t\t\t\t\t\t\t\t\t\tHoraris Flexibles: Sessions adaptades als horaris escolars.\n\t\t\t\t\t\t\t\t\t<\/li>\n<li>\n\t\t\t\t\t\t\t\t\t\tS&#8217;hi inclou una sessi\u00f3 de fotografia i v\u00eddeo per capturar l&#8217;experi\u00e8ncia i compartir-la amb la comunitat escolar.\n\t\t\t\t\t\t\t\t\t<\/li>\n<\/ul>\n<ul>\n<li>\n\t\t\t\t\t\t\t\t\t\tCertificat de participaci\u00f3 i compet\u00e8ncies adquirides durant l&#8217;activitat.\n\t\t\t\t\t\t\t\t\t<\/li>\n<li>\n\t\t\t\t\t\t\t\t\t\tDescompte del 10% de descompte si es repeteix el seg\u00fcent any.\n\t\t\t\t\t\t\t\t\t<\/li>\n<li>\n\t\t\t\t\t\t\t\t\t\tTots els participants i personal escolar tindran un 20% a totes les nostres activitats.\n\t\t\t\t\t\t\t\t\t<\/li>\n<\/ul>\n<p>Un pla \u00fanic on l&#8217;escola i els\/les participants entren a la planificaci\u00f3 completa de l&#8217;activitat<\/p>\n<p>\t\t\t<a href=\"#reserva\"><br \/>\n\t\t\t\tENVIAR SOL\u00b7LICITUD DE RESERVA\t\t\t<\/a><\/p>\n<h2>Preus \/ Reserva<\/h2>\n<h3>\t\t\t\t\t\t\tPreu\t\t\t\t\t\t<\/h3>\n<p>\n\t\t\t\t\t\t\t15\u20ac + IVA per participant.\t\t\t\t\t\t<\/p>\n<h3>\t\t\t\t\t\t\tReserva\t\t\t\t\t\t<\/h3>\n<p>\n\t\t\t\t\t\t\t50% de l&#8217;import total contractat.\t\t\t\t\t\t<\/p>\n<p>Omple el formulari i en un termini de 24 hores ens posarem en contacte amb vosaltres per finalitzar el proc\u00e9s de reserva.<\/p>\n<p>\t\t\t\t\t\t\t<img decoding=\"async\" src=\"https:\/\/supandsail.com\/wp-content\/uploads\/2023\/10\/Copy-of-SUpSAIL-1.png\" alt=\"\" title=\"\"><br \/>\n\t\t\t\t\t\t\t\t\t\t\t\t<a href=\"https:\/\/oaacc.cat\" target=\"_blank\" rel=\"noopener\"><br \/>\n\t\t\t\t\t\t\t<img loading=\"lazy\" decoding=\"async\" width=\"300\" height=\"100\" src=\"https:\/\/supandsail.com\/wp-content\/uploads\/2022\/04\/oaacc-logo-full-1.png\" alt=\"oaacc logo\" title=\"\"><br \/>\n\t\t\t\t\t\t\t\t\t\t\t\t\t<\/a><br \/>\n\t\t\t\t\t\t\t\t\t\t\t\t<a href=\"https:\/\/supyoga.cat\" target=\"_blank\" rel=\"noopener\"><br \/>\n\t\t\t\t\t\t\t<img loading=\"lazy\" decoding=\"async\" width=\"300\" height=\"60\" src=\"https:\/\/supandsail.com\/wp-content\/uploads\/2022\/04\/Logo_OF_SUPYoga-300x212-1-e1650637265586.png\" alt=\"\" title=\"\"><br \/>\n\t\t\t\t\t\t\t\t\t\t\t\t\t<\/a><\/p>\n<p>FORMULARI DE CONTACTE<\/p>\n<p role=\"status\" aria-live=\"polite\" aria-atomic=\"true\">\n<ul><\/ul>\n<form action=\"\/wp-admin\/admin-ajax.php#wpcf7-f9231-o3\" method=\"post\" aria-label=\"Formulario de contacto\" novalidate=\"novalidate\" data-status=\"init\">\n<fieldset><input type=\"hidden\" name=\"_wpcf7\" value=\"9231\" \/><input type=\"hidden\" name=\"_wpcf7_version\" value=\"6.1.4\" \/><input type=\"hidden\" name=\"_wpcf7_locale\" value=\"es_ES\" \/><input type=\"hidden\" name=\"_wpcf7_unit_tag\" value=\"wpcf7-f9231-o3\" \/><input type=\"hidden\" name=\"_wpcf7_container_post\" value=\"0\" \/><input type=\"hidden\" name=\"_wpcf7_posted_data_hash\" value=\"\" \/><input type=\"hidden\" name=\"_wpcf7_recaptcha_response\" value=\"\" \/><br \/>\n<\/fieldset>\n<p><label for=\"nombre-persona-de-contacto\">Nom de la Persona de Contacte<\/label>\n<\/p>\n<p><input size=\"40\" maxlength=\"400\" aria-required=\"true\" aria-invalid=\"false\" placeholder=\"Nom contacte\" value=\"\" type=\"text\" name=\"nombre-persona-de-contacto\" \/>\n<\/p>\n<p><label for=\"nombre-escuela\">Nom de l&#8217;Escola<\/label><br \/>\n<!-- Campo de Nombre de Escuela --><br \/>\n<input size=\"40\" maxlength=\"400\" aria-required=\"true\" aria-invalid=\"false\" placeholder=\"Nom Escola\" value=\"\" type=\"text\" name=\"nombre-escuela\" \/>\n<\/p>\n<p><label for=\"email-de-contacto\">E-mail de Contacte<\/label><br \/>\n<!-- Campo de E-mail de Contacto --><br \/>\n<input size=\"40\" maxlength=\"400\" aria-required=\"true\" aria-invalid=\"false\" placeholder=\"E-mail\" value=\"\" type=\"email\" name=\"email-de-contacto\" \/>\n<\/p>\n<p><label for=\"telefono-de-contacto\">Tel\u00e8fon de Contacte<\/label><br \/>\n<!-- Campo de Tel\u00e9fono de Contacto --><br \/>\n<input size=\"40\" maxlength=\"400\" aria-invalid=\"false\" placeholder=\"Tel\u00e8fon\" value=\"\" type=\"tel\" name=\"telefono-de-contacto\" \/>\n<\/p>\n<p><label for=\"fecha-actividad\">Data &#8220;ideal&#8221; per a realitzar l&#8217;Activitat<\/label><br \/>\n<!-- Campo de Fecha para la Actividad (utilizando el complemento Datepicker) --><br \/>\n<input min=\"2026-06-01\" max=\"2026-09-11\" aria-invalid=\"false\" value=\"\" type=\"date\" name=\"fecha-actividad\" \/>\n<\/p>\n<p><label for=\"curso-participantes\">Curs dels participants:<\/label><br \/>\n<!-- Campo de Curso de los participantes --><br \/>\n<select aria-required=\"true\" aria-invalid=\"false\" name=\"curso-participantes\"><option value=\"1r PR\">1r PR<\/option><option value=\"2n PR\">2n PR<\/option><option value=\"3r PR\">3r PR<\/option><option value=\"4tPR\">4tPR<\/option><option value=\"5\u00e8 PR\">5\u00e8 PR<\/option><option value=\"6\u00e8 PR\">6\u00e8 PR<\/option><option value=\"1 ESO\">1 ESO<\/option><option value=\"2 ESO\">2 ESO<\/option><option value=\"3 ESO\">3 ESO<\/option><option value=\"4 ESO\">4 ESO<\/option><option value=\"1 BATX\">1 BATX<\/option><option value=\"2 BATX\">2 BATX<\/option><\/select>\n<\/p>\n<p><label for=\"segundo-curso-participantes\">2n curs dels participants (en cas de ser necess\u00e0ri):<\/label><br \/>\n<!-- Campo de 2\u00ba curso de los participantes (en caso de ser necesario) --><br \/>\n<select aria-invalid=\"false\" name=\"segundo-curso-participantes\"><option value=\"Cap\">Cap<\/option><option value=\"1r PR\">1r PR<\/option><option value=\"2n PR\">2n PR<\/option><option value=\"3r PR\">3r PR<\/option><option value=\"4tPR\">4tPR<\/option><option value=\"5\u00e8 PR\">5\u00e8 PR<\/option><option value=\"6\u00e8 PR\">6\u00e8 PR<\/option><option value=\"1 ESO\">1 ESO<\/option><option value=\"2 ESO\">2 ESO<\/option><option value=\"3 ESO\">3 ESO<\/option><option value=\"4 ESO\">4 ESO<\/option><option value=\"1 BATX\">1 BATX<\/option><option value=\"2 BATX\">2 BATX<\/option><\/select>\n<\/p>\n<p><label for=\"numero-de-participantes\">N\u00ba de Participants (en cas de no saber el definitiu, posar l&#8217;aproximat)<\/label><br \/>\n<!-- Campo de N\u00famero de Participantes Aproximados --><br \/>\n<input min=\"20\" max=\"200\" aria-invalid=\"false\" value=\"\" type=\"number\" name=\"numero-de-participantes\" \/>\n<\/p>\n<p><!-- Campo de Acepto la Pol\u00edtica de Privacidad (casilla de verificaci\u00f3n) --><\/p>\n<p><input type=\"checkbox\" name=\"acepto-politica-de-privacidad[]\" value=\"Accepto la Pol\u00edtica de Privacitat\" \/>Accepto la Pol\u00edtica de Privacitat\n<\/p>\n<p><!-- Bot\u00f3n de env\u00edo --><\/p>\n<p><input type=\"submit\" value=\"Enviar\" \/>\n<\/p>\n<p><input type='hidden' class='wpcf7-pum' value='{\"closepopup\":false,\"closedelay\":0,\"openpopup\":false,\"openpopup_id\":0}' \/><br \/>\n<\/form>\n<p>\t        \t1000+<\/p>\n<h4>Participants <br \/>2023<\/h4>\n<p>\t        \t30+<\/p>\n<h4>Escoles <br \/>2023<\/h4>\n<p>\t        \t90+<\/p>\n<h4>Activitats <br \/>2023<\/h4>\n<p>\t        \t20+<\/p>\n<h4>Casals <br \/>2023<\/h4>\n<h2>QU\u00c8 DIUEN DE NOSALTRES<\/h2>\n<p >Muy buena experiencia (a pesar de la cantidad de medusas&#8230;). El material de p\u00e0del surf en perfectas condiciones. Todo muy \u00e1gil y c\u00f3modo.  La chica muy amable y simp\u00e1tica. Genial la oferta del 50% que pudimos disfrutar.  Gracias.<\/p>\n<ul>\n<li><\/li>\n<li><\/li>\n<li><\/li>\n<li><\/li>\n<li><\/li>\n<\/ul>\n<p>\t\t\t\t\t\t\t\t<img loading=\"lazy\" width=\"1440\" height=\"810\" src=\"https:\/\/supandsail.com\/wp-content\/uploads\/2023\/08\/Planhkukhjtilla-Fotos-Web.jpg\" alt=\"\" decoding=\"async\" srcset=\"https:\/\/supandsail.com\/wp-content\/uploads\/2023\/08\/Planhkukhjtilla-Fotos-Web.jpg 1440w, https:\/\/supandsail.com\/wp-content\/uploads\/2023\/08\/Planhkukhjtilla-Fotos-Web-300x169.jpg 300w, https:\/\/supandsail.com\/wp-content\/uploads\/2023\/08\/Planhkukhjtilla-Fotos-Web-1024x576.jpg 1024w, https:\/\/supandsail.com\/wp-content\/uploads\/2023\/08\/Planhkukhjtilla-Fotos-Web-768x432.jpg 768w, https:\/\/supandsail.com\/wp-content\/uploads\/2023\/08\/Planhkukhjtilla-Fotos-Web-370x208.jpg 370w, https:\/\/supandsail.com\/wp-content\/uploads\/2023\/08\/Planhkukhjtilla-Fotos-Web-1170x658.jpg 1170w, https:\/\/supandsail.com\/wp-content\/uploads\/2023\/08\/Planhkukhjtilla-Fotos-Web-760x428.jpg 760w, https:\/\/supandsail.com\/wp-content\/uploads\/2023\/08\/Planhkukhjtilla-Fotos-Web-600x338.jpg 600w, https:\/\/supandsail.com\/wp-content\/uploads\/2023\/08\/Planhkukhjtilla-Fotos-Web-270x152.jpg 270w\" sizes=\"(max-width: 1440px) 100vw, 1440px\" title=\"\"><\/p>\n<p>\n\t\t\t\t\t\t\t\t\t\t\tIbel\t\t\t\t\t\t\t\t\t\t<\/p>\n<p>\t\t\t\t\t\t\t\t\t\t\t\t\t\t\t\t\t\t\t15\/08\/2023<\/p>\n<p >Muy recomendable!!! Y el trato fant\u00e1stico!!! He ido un par de veces y sin duda repetir\u00eda de nuevo! Materiales en perfecto estado!<\/p>\n<ul>\n<li><\/li>\n<li><\/li>\n<li><\/li>\n<li><\/li>\n<li><\/li>\n<\/ul>\n<p>\t\t\t\t\t\t\t\t<img loading=\"lazy\" width=\"1440\" height=\"810\" src=\"https:\/\/supandsail.com\/wp-content\/uploads\/2023\/08\/Plantillahvku-Fotos-Web.jpg\" alt=\"\" decoding=\"async\" srcset=\"https:\/\/supandsail.com\/wp-content\/uploads\/2023\/08\/Plantillahvku-Fotos-Web.jpg 1440w, https:\/\/supandsail.com\/wp-content\/uploads\/2023\/08\/Plantillahvku-Fotos-Web-300x169.jpg 300w, https:\/\/supandsail.com\/wp-content\/uploads\/2023\/08\/Plantillahvku-Fotos-Web-1024x576.jpg 1024w, https:\/\/supandsail.com\/wp-content\/uploads\/2023\/08\/Plantillahvku-Fotos-Web-768x432.jpg 768w, https:\/\/supandsail.com\/wp-content\/uploads\/2023\/08\/Plantillahvku-Fotos-Web-370x208.jpg 370w, https:\/\/supandsail.com\/wp-content\/uploads\/2023\/08\/Plantillahvku-Fotos-Web-1170x658.jpg 1170w, https:\/\/supandsail.com\/wp-content\/uploads\/2023\/08\/Plantillahvku-Fotos-Web-760x428.jpg 760w, https:\/\/supandsail.com\/wp-content\/uploads\/2023\/08\/Plantillahvku-Fotos-Web-600x338.jpg 600w, https:\/\/supandsail.com\/wp-content\/uploads\/2023\/08\/Plantillahvku-Fotos-Web-270x152.jpg 270w\" sizes=\"(max-width: 1440px) 100vw, 1440px\" title=\"\"><\/p>\n<p>\n\t\t\t\t\t\t\t\t\t\t\tMaria\t\t\t\t\t\t\t\t\t\t<\/p>\n<p>\t\t\t\t\t\t\t\t\t\t\t\t\t\t\t\t\t\t\t30\/07\/2023<\/p>\n<p >Vengo de vacaciones y se nota que estoy en Matar\u00f3, muy feliz de reservar mis dos sesiones pra p\u00e1del surf las chicas mar\u00eda y marta muy amables muy agradables, la m\u00fasica de fondo da muy buen rollo son muy sonrientes, mola Mola. Ten\u00e9is que probarlo y ver el atardecer \ud83c\udf05<\/p>\n<ul>\n<li><\/li>\n<li><\/li>\n<li><\/li>\n<li><\/li>\n<li><\/li>\n<\/ul>\n<p>\t\t\t\t\t\t\t\t<img loading=\"lazy\" width=\"800\" height=\"800\" src=\"https:\/\/supandsail.com\/wp-content\/uploads\/2023\/08\/4.jpg\" alt=\"\" decoding=\"async\" srcset=\"https:\/\/supandsail.com\/wp-content\/uploads\/2023\/08\/4.jpg 800w, https:\/\/supandsail.com\/wp-content\/uploads\/2023\/08\/4-300x300.jpg 300w, https:\/\/supandsail.com\/wp-content\/uploads\/2023\/08\/4-150x150.jpg 150w, https:\/\/supandsail.com\/wp-content\/uploads\/2023\/08\/4-768x768.jpg 768w, https:\/\/supandsail.com\/wp-content\/uploads\/2023\/08\/4-370x370.jpg 370w, https:\/\/supandsail.com\/wp-content\/uploads\/2023\/08\/4-90x90.jpg 90w, https:\/\/supandsail.com\/wp-content\/uploads\/2023\/08\/4-760x760.jpg 760w, https:\/\/supandsail.com\/wp-content\/uploads\/2023\/08\/4-270x270.jpg 270w, https:\/\/supandsail.com\/wp-content\/uploads\/2023\/08\/4-570x570.jpg 570w, https:\/\/supandsail.com\/wp-content\/uploads\/2023\/08\/4-600x600.jpg 600w\" sizes=\"(max-width: 800px) 100vw, 800px\" title=\"\"><\/p>\n<p>\n\t\t\t\t\t\t\t\t\t\t\tDunia\t\t\t\t\t\t\t\t\t\t<\/p>\n<p>\t\t\t\t\t\t\t\t\t\t\t\t\t\t\t\t\t\t\t15\/07\/2023<\/p>\n<p >Muy recomendable. El material estaba en perfectas condiciones. El pago y entrega de las tablas es super \u00e1gil y r\u00e1pido. Y, para mi, a destacar la amabilidad y buen trato recibido por parte del personal. Sin duda si tengo que volver a alquilar una tabla en Matar\u00f3 volver\u00e9!<\/p>\n<ul>\n<li><\/li>\n<li><\/li>\n<li><\/li>\n<li><\/li>\n<li><\/li>\n<\/ul>\n<p>\t\t\t\t\t\t\t\t<img loading=\"lazy\" width=\"800\" height=\"800\" src=\"https:\/\/supandsail.com\/wp-content\/uploads\/2023\/08\/6.jpg\" alt=\"\" decoding=\"async\" srcset=\"https:\/\/supandsail.com\/wp-content\/uploads\/2023\/08\/6.jpg 800w, https:\/\/supandsail.com\/wp-content\/uploads\/2023\/08\/6-300x300.jpg 300w, https:\/\/supandsail.com\/wp-content\/uploads\/2023\/08\/6-150x150.jpg 150w, https:\/\/supandsail.com\/wp-content\/uploads\/2023\/08\/6-768x768.jpg 768w, https:\/\/supandsail.com\/wp-content\/uploads\/2023\/08\/6-370x370.jpg 370w, https:\/\/supandsail.com\/wp-content\/uploads\/2023\/08\/6-90x90.jpg 90w, https:\/\/supandsail.com\/wp-content\/uploads\/2023\/08\/6-760x760.jpg 760w, https:\/\/supandsail.com\/wp-content\/uploads\/2023\/08\/6-270x270.jpg 270w, https:\/\/supandsail.com\/wp-content\/uploads\/2023\/08\/6-570x570.jpg 570w, https:\/\/supandsail.com\/wp-content\/uploads\/2023\/08\/6-600x600.jpg 600w\" sizes=\"(max-width: 800px) 100vw, 800px\" title=\"\"><\/p>\n<p>\n\t\t\t\t\t\t\t\t\t\t\tClaudia\t\t\t\t\t\t\t\t\t\t<\/p>\n<p>\t\t\t\t\t\t\t\t\t\t\t\t\t\t\t\t\t\t\t22\/07\/2023<\/p>\n<p >Nos hicieron disfrutar de una gran experiencia de padelsurf en la playa de Matar\u00f3.Material de calidad, con un equipo de profesionales que nos ayud\u00f3 desde el principio y nos guio en todo momento.Totalmente recomendable.<\/p>\n<ul>\n<li><\/li>\n<li><\/li>\n<li><\/li>\n<li><\/li>\n<li><\/li>\n<\/ul>\n<p>\t\t\t\t\t\t\t\t<img loading=\"lazy\" width=\"800\" height=\"800\" src=\"https:\/\/supandsail.com\/wp-content\/uploads\/2023\/08\/1.jpg\" alt=\"\" decoding=\"async\" srcset=\"https:\/\/supandsail.com\/wp-content\/uploads\/2023\/08\/1.jpg 800w, https:\/\/supandsail.com\/wp-content\/uploads\/2023\/08\/1-300x300.jpg 300w, https:\/\/supandsail.com\/wp-content\/uploads\/2023\/08\/1-150x150.jpg 150w, https:\/\/supandsail.com\/wp-content\/uploads\/2023\/08\/1-768x768.jpg 768w, https:\/\/supandsail.com\/wp-content\/uploads\/2023\/08\/1-370x370.jpg 370w, https:\/\/supandsail.com\/wp-content\/uploads\/2023\/08\/1-90x90.jpg 90w, https:\/\/supandsail.com\/wp-content\/uploads\/2023\/08\/1-760x760.jpg 760w, https:\/\/supandsail.com\/wp-content\/uploads\/2023\/08\/1-270x270.jpg 270w, https:\/\/supandsail.com\/wp-content\/uploads\/2023\/08\/1-570x570.jpg 570w, https:\/\/supandsail.com\/wp-content\/uploads\/2023\/08\/1-600x600.jpg 600w\" sizes=\"(max-width: 800px) 100vw, 800px\" title=\"\"><\/p>\n<p>\n\t\t\t\t\t\t\t\t\t\t\tFerran\t\t\t\t\t\t\t\t\t\t<\/p>\n<p>\t\t\t\t\t\t\t\t\t\t\t\t\t\t\t\t\t\t\t20\/08\/2022<br \/>\n\t\t\t<iframe loading=\"lazy\"\n\t\t\t\t\tsrc=\"https:\/\/maps.google.com\/maps?q=supyoga.cat&#038;t=m&#038;z=11&#038;output=embed&#038;iwloc=near\"\n\t\t\t\t\ttitle=\"supyoga.cat\"\n\t\t\t\t\taria-label=\"supyoga.cat\"\n\t\t\t><\/iframe><\/p>\n<h2>PREGUNTES FREQ\u00dcENTS (FAQ&#8217;S)<\/h2>\n<h3>\n\t\t\t\t\t\t\tQu\u00e8 inclou l&#8217;oferta per a grups escolars?<br \/>\n\t\t\t\t\t\t<\/h3>\n<p>4 hores d&#8217;activitats aqu\u00e0tiques, sessi\u00f3 introduct\u00f2ria, pr\u00e0ctica supervisada i desafiament de grup a Paddle Surf, recursos educatius previs i suport abans de l&#8217;activitat.<\/p>\n<h3>\n\t\t\t\t\t\t\tQuin \u00e9s el cost per participant?<br \/>\n\t\t\t\t\t\t<\/h3>\n<p>15\u20ac + IVA per participant. A partir del segon any s&#8217;aplica un 10% a totes les reserves escolars.<\/p>\n<h3>\n\t\t\t\t\t\t\tCom es fa la reserva?<br \/>\n\t\t\t\t\t\t<\/h3>\n<p>Es requereix el 50% de l&#8217;import total contractat per reservar, i es pot emplenar un formulari en l\u00ednia per iniciar el proc\u00e9s de reserva.<\/p>\n<h3>\n\t\t\t\t\t\t\tQuins recursos educatius es proporcionen abans de l&#8217;activitat?<br \/>\n\t\t\t\t\t\t<\/h3>\n<p>Material preparatori, exploraci\u00f3 de l&#8217;ecosistema aqu\u00e0tic i un v\u00eddeo introductori formatiu.<\/p>\n<h3>\n\t\t\t\t\t\t\tQuins beneficis addicionals s&#8217;ofereixen?<br \/>\n\t\t\t\t\t\t<\/h3>\n<p>Descomptes en futures activitats, certificat de participaci\u00f3, i sessi\u00f3 de fotografia i v\u00eddeo inclosos.<\/p>\n<h3>\n\t\t\t\t\t\t\tHi ha un lloc on els participants puguin guardar les pertinences?<br \/>\n\t\t\t\t\t\t<\/h3>\n<p>S\u00ed, tenim un espai segur per guardar totes les pertinences dels participants.<\/p>\n<h3>\n\t\t\t\t\t\t\tQuin material es proporciona per a l&#8217;activitat?<br \/>\n\t\t\t\t\t\t<\/h3>\n<p>Proporcionem el material necessari per a l&#8217;activitat: taules de Paddle Surf, armilles salvavides, rems i licra solar per als participants que ho desitgin.<\/p>\n<p>DIES LIMITATS PER A LA TEMPORADA 2026<\/p>\n<p>Tenim una capacitat limitada, envia la teva consulta com m\u00e9s aviat millor per poder concretar una data definitiva.<\/p>\n<p>\t\t\t<a href=\"#reserva\"><br \/>\n\t\t\t\tENVIAR SOL\u00b7LICITUD DE RESERVA\t\t\t<\/a><\/p>\n","protected":false},"excerpt":{"rendered":"<p>Descobreix les nostres activitats per a&hellip;<\/p>\n","protected":false},"author":1,"featured_media":9333,"parent":0,"menu_order":0,"comment_status":"closed","ping_status":"closed","template":"","meta":{"footnotes":"","_links_to":"","_links_to_target":""},"class_list":["post-9175","page","type-page","status-publish","has-post-thumbnail","hentry"],"_links":{"self":[{"href":"https:\/\/supandsail.com\/ca\/wp-json\/wp\/v2\/pages\/9175","targetHints":{"allow":["GET"]}}],"collection":[{"href":"https:\/\/supandsail.com\/ca\/wp-json\/wp\/v2\/pages"}],"about":[{"href":"https:\/\/supandsail.com\/ca\/wp-json\/wp\/v2\/types\/page"}],"author":[{"embeddable":true,"href":"https:\/\/supandsail.com\/ca\/wp-json\/wp\/v2\/users\/1"}],"replies":[{"embeddable":true,"href":"https:\/\/supandsail.com\/ca\/wp-json\/wp\/v2\/comments?post=9175"}],"version-history":[{"count":26,"href":"https:\/\/supandsail.com\/ca\/wp-json\/wp\/v2\/pages\/9175\/revisions"}],"predecessor-version":[{"id":13240,"href":"https:\/\/supandsail.com\/ca\/wp-json\/wp\/v2\/pages\/9175\/revisions\/13240"}],"wp:featuredmedia":[{"embeddable":true,"href":"https:\/\/supandsail.com\/ca\/wp-json\/wp\/v2\/media\/9333"}],"wp:attachment":[{"href":"https:\/\/supandsail.com\/ca\/wp-json\/wp\/v2\/media?parent=9175"}],"curies":[{"name":"wp","href":"https:\/\/api.w.org\/{rel}","templated":true}]}}