{"id":9189,"date":"2023-11-04T18:36:16","date_gmt":"2023-11-04T16:36:16","guid":{"rendered":"https:\/\/supandsail.com\/actividades-team-building\/"},"modified":"2026-01-12T11:31:40","modified_gmt":"2026-01-12T09:31:40","slug":"activitats-team-building","status":"publish","type":"page","link":"https:\/\/supandsail.com\/ca\/activitats-team-building\/","title":{"rendered":"Activitats Team Building \u00daniques &#8211; Paddle Surf i BIG SUP"},"content":{"rendered":"<p><img decoding=\"async\" width=\"1\" height=\"1\" src=\"https:\/\/supandsail.com\/wp-content\/uploads\/2023\/10\/Copy-of-SUpSAIL-1.png\" alt=\"\" title=\"\">\t\t\t\t\t\t\t\t\t\t\t\t\t\t\t<\/p>\n<h1>Explora Les nostres Activitats Team Building amb Paddle Surf<\/h1>\n<p>Una experi\u00e8ncia \u00fanica de col\u00b7laboraci\u00f3 i diversi\u00f3 amb la nostra activitat de Team Building. Prepara el teu equip per a una jornada plena d&#8217;acci\u00f3, estrat\u00e8gia i rialles!<\/p>\n<p>RESERVA LA TEVA DATA PER AL 2026<\/p>\n<ul>\n<li>\n                                <a href=\"#reserva\"><br \/>\n            RESERVA ARA<br \/>\n                                    <\/a>\n                            <\/li>\n<\/ul>\n<h2>FUNCIONAMENT DE L&#8217;ACTIVITAT<\/h2>\n<h3>\t\t\t\t\t\t\tActivitat Integral de Paddle Surf i BIG SUP\t\t\t\t\t\t<\/h3>\n<p>\n\t\t\t\t\t\t\tDesafia el teu equip amb 2 hores de Paddle Surf i BIG SUP, on la coordinaci\u00f3 i el treball en equip s\u00f3n clau per dominar les onades junts.\t\t\t\t\t\t<\/p>\n<h3>\t\t\t\t\t\t\tJocs d&#8217;escalfament a la sorra\t\t\t\t\t\t<\/h3>\n<p>\n\t\t\t\t\t\t\tComen\u00e7a l&#8217;aventura amb din\u00e0miques grupals a la sorra que fomenten la comunicaci\u00f3 i l&#8217;esperit d&#8217;equip.\t\t\t\t\t\t<\/p>\n<h3>\t\t\t\t\t\t\tKit de Benvinguda amb Regals\t\t\t\t\t\t<\/h3>\n<p>\n\t\t\t\t\t\t\tCada participant rebr\u00e0 una bossa de regal que inclou una licra aqu\u00e0tica i tindran un descompte d\u00b4un 50% per als lloguers al nostre centre durant tota la temporada.\t\t\t\t\t\t<\/p>\n<p>\t\t\t\t\t\t\t\t\t\t\t\t\t\t\t<img fetchpriority=\"high\" decoding=\"async\" width=\"1024\" height=\"576\" src=\"https:\/\/supandsail.com\/wp-content\/uploads\/2023\/08\/Planhkukhjtilla-Fotos-Web-1024x576.jpg\" alt=\"\" srcset=\"https:\/\/supandsail.com\/wp-content\/uploads\/2023\/08\/Planhkukhjtilla-Fotos-Web-1024x576.jpg 1024w, https:\/\/supandsail.com\/wp-content\/uploads\/2023\/08\/Planhkukhjtilla-Fotos-Web-300x169.jpg 300w, https:\/\/supandsail.com\/wp-content\/uploads\/2023\/08\/Planhkukhjtilla-Fotos-Web-768x432.jpg 768w, https:\/\/supandsail.com\/wp-content\/uploads\/2023\/08\/Planhkukhjtilla-Fotos-Web-370x208.jpg 370w, https:\/\/supandsail.com\/wp-content\/uploads\/2023\/08\/Planhkukhjtilla-Fotos-Web-1170x658.jpg 1170w, https:\/\/supandsail.com\/wp-content\/uploads\/2023\/08\/Planhkukhjtilla-Fotos-Web-760x428.jpg 760w, https:\/\/supandsail.com\/wp-content\/uploads\/2023\/08\/Planhkukhjtilla-Fotos-Web-600x338.jpg 600w, https:\/\/supandsail.com\/wp-content\/uploads\/2023\/08\/Planhkukhjtilla-Fotos-Web-270x152.jpg 270w, https:\/\/supandsail.com\/wp-content\/uploads\/2023\/08\/Planhkukhjtilla-Fotos-Web.jpg 1440w\" sizes=\"(max-width: 1024px) 100vw, 1024px\" title=\"\"><br \/>\n\t\t\t\t\t\t\t\t\t\t\t\t\t\t\t<img decoding=\"async\" width=\"1024\" height=\"576\" src=\"https:\/\/supandsail.com\/wp-content\/uploads\/2023\/08\/39-1024x576.jpg\" alt=\"\" srcset=\"https:\/\/supandsail.com\/wp-content\/uploads\/2023\/08\/39-1024x576.jpg 1024w, https:\/\/supandsail.com\/wp-content\/uploads\/2023\/08\/39-300x169.jpg 300w, https:\/\/supandsail.com\/wp-content\/uploads\/2023\/08\/39-768x432.jpg 768w, https:\/\/supandsail.com\/wp-content\/uploads\/2023\/08\/39-370x208.jpg 370w, https:\/\/supandsail.com\/wp-content\/uploads\/2023\/08\/39-1170x658.jpg 1170w, https:\/\/supandsail.com\/wp-content\/uploads\/2023\/08\/39-760x428.jpg 760w, https:\/\/supandsail.com\/wp-content\/uploads\/2023\/08\/39-600x338.jpg 600w, https:\/\/supandsail.com\/wp-content\/uploads\/2023\/08\/39-270x152.jpg 270w, https:\/\/supandsail.com\/wp-content\/uploads\/2023\/08\/39.jpg 1200w\" sizes=\"(max-width: 1024px) 100vw, 1024px\" title=\"\">\t\t\t\t\t\t\t\t\t\t\t\t\t\t\t<\/p>\n<h2>Recursos per als participants abans de lactivitat<\/h2>\n<h3>\t\t\t\t\t\t\tCurs de Paddle Surf Online Gratu\u00eft\t\t\t\t\t\t<\/h3>\n<p>\n\t\t\t\t\t\t\tTots els participants tindran acc\u00e9s al nostre exclusiu curs en l\u00ednia per aprendre les t\u00e8cniques b\u00e0siques del Paddle Surf abans de l&#8217;esdeveniment, garantint una experi\u00e8ncia m\u00e9s enriquidora i gaudible.\n\t\t\t\t\t\t<\/p>\n<h3>\t\t\t\t\t\t\tMotivaci\u00f3 Pr\u00e8via\t\t\t\t\t\t<\/h3>\n<p>\n\t\t\t\t\t\t\tEl curs en l\u00ednia actua com una eina de motivaci\u00f3 i preparaci\u00f3 pr\u00e8via a l&#8217;esdeveniment.\n\t\t\t\t\t\t<\/p>\n<p>Les nostres activitats Team Building comencen des que et poses en contacte amb nosaltres. Creant un pla \u00fanic on l&#8217;empresa i els participants entren a l&#8217;experi\u00e8ncia completa de l&#8217;activitat que realitzaran.<\/p>\n<p>\t\t\t\t\t\t\t\t\t\t\t\t\t\t\t<img loading=\"lazy\" decoding=\"async\" width=\"500\" height=\"500\" src=\"https:\/\/supandsail.com\/wp-content\/uploads\/2023\/11\/escola-institut-1.png\" alt=\"Actividades Team Building\" srcset=\"https:\/\/supandsail.com\/wp-content\/uploads\/2023\/11\/escola-institut-1.png 500w, https:\/\/supandsail.com\/wp-content\/uploads\/2023\/11\/escola-institut-1-300x300.png 300w, https:\/\/supandsail.com\/wp-content\/uploads\/2023\/11\/escola-institut-1-150x150.png 150w, https:\/\/supandsail.com\/wp-content\/uploads\/2023\/11\/escola-institut-1-370x370.png 370w, https:\/\/supandsail.com\/wp-content\/uploads\/2023\/11\/escola-institut-1-90x90.png 90w, https:\/\/supandsail.com\/wp-content\/uploads\/2023\/11\/escola-institut-1-270x270.png 270w\" sizes=\"(max-width: 500px) 100vw, 500px\" title=\"\">\t\t\t\t\t\t\t\t\t\t\t\t\t\t\t<\/p>\n<h2>NO S&#8217;ACABA AQU\u00cd&#8230; Activitats Team Building<\/h2>\n<ul>\n<li>\n\t\t\t\t\t\t\t\t\t\t<b>Sessi\u00f3 Fotogr\u00e0fica:<\/b> Capturem els millors moments de l&#8217;activitat amb una sessi\u00f3 de fotos professional perqu\u00e8 els records d&#8217;aquesta experi\u00e8ncia perdurin.\n\t\t\t\t\t\t\t\t\t<\/li>\n<li>\n\t\t\t\t\t\t\t\t\t\t<b>Millora de la Cohesi\u00f3 d&#8217;Equip:<\/b> A trav\u00e9s d&#8217;activitats que desafien i requereixen feina en conjunt.\n\t\t\t\t\t\t\t\t\t<\/li>\n<\/ul>\n<ul>\n<li>\n\t\t\t\t\t\t\t\t\t\tL&#8217;empresa tindr\u00e0 un 10% de descompte per poder repetir l&#8217;activitat l&#8217;any seg\u00fcent\n\t\t\t\t\t\t\t\t\t<\/li>\n<li>\n\t\t\t\t\t\t\t\t\t\t<b>Records Memorables:<\/b> Amb el kit de regal i les fotos, cada participant s&#8217;emportar\u00e0 un record tangible de l&#8217;experi\u00e8ncia.\n\t\t\t\t\t\t\t\t\t<\/li>\n<\/ul>\n<p>\t\t\t<a href=\"#reserva\"><br \/>\n\t\t\t\tENVIAR SOLICITUT DE RESERVA\t\t\t<\/a><\/p>\n<h2>Preus \/ Reserva<\/h2>\n<h3>\t\t\t\t\t\t\tPreu\t\t\t\t\t\t<\/h3>\n<p>\n\t\t\t\t\t\t\t49\u20ac + IVA per participant.\t\t\t\t\t\t<\/p>\n<h3>\t\t\t\t\t\t\tReserva\t\t\t\t\t\t<\/h3>\n<p>\n\t\t\t\t\t\t\tUn cop confirmada la data s&#8217;abonar\u00e0 el total de l&#8217;activitat. La nostra pol\u00edtica flexible de reserva us ofereix una <b>garantia de devoluci\u00f3 del 100%<\/b> en cas que no es pugui dur a terme per mal temps.\t\t\t\t\t\t<\/p>\n<h3>\t\t\t\t\t\t\tDurada activitat\t\t\t\t\t\t<\/h3>\n<p>\n\t\t\t\t\t\t\tLactivitat aqu\u00e0tica t\u00e9 una durada de 2 hores.\t\t\t\t\t\t<\/p>\n<p>Omple el formulari i en un termini de 24 hores ens posarem en contacte amb vosaltres per finalitzar el proc\u00e9s de reserva.<\/p>\n<p>\t\t\t\t\t\t\t<img decoding=\"async\" src=\"https:\/\/supandsail.com\/wp-content\/uploads\/2023\/10\/Copy-of-SUpSAIL-1.png\" alt=\"\" title=\"\"><br \/>\n\t\t\t\t\t\t\t\t\t\t\t\t<a href=\"https:\/\/oaacc.cat\" target=\"_blank\" rel=\"noopener\"><br \/>\n\t\t\t\t\t\t\t<img loading=\"lazy\" decoding=\"async\" width=\"300\" height=\"100\" src=\"https:\/\/supandsail.com\/wp-content\/uploads\/2022\/04\/oaacc-logo-full-1.png\" alt=\"oaacc logo\" title=\"\"><br \/>\n\t\t\t\t\t\t\t\t\t\t\t\t\t<\/a><br \/>\n\t\t\t\t\t\t\t\t\t\t\t\t<a href=\"https:\/\/supyoga.cat\" target=\"_blank\" rel=\"noopener\"><br \/>\n\t\t\t\t\t\t\t<img loading=\"lazy\" decoding=\"async\" width=\"300\" height=\"60\" src=\"https:\/\/supandsail.com\/wp-content\/uploads\/2022\/04\/Logo_OF_SUPYoga-300x212-1-e1650637265586.png\" alt=\"\" title=\"\"><br \/>\n\t\t\t\t\t\t\t\t\t\t\t\t\t<\/a><\/p>\n<p role=\"status\" aria-live=\"polite\" aria-atomic=\"true\">\n<ul><\/ul>\n<form action=\"\/wp-admin\/admin-ajax.php#wpcf7-f9157-o3\" method=\"post\" aria-label=\"Formulario de contacto\" novalidate=\"novalidate\" data-status=\"init\">\n<fieldset><input type=\"hidden\" name=\"_wpcf7\" value=\"9157\" \/><input type=\"hidden\" name=\"_wpcf7_version\" value=\"6.1.4\" \/><input type=\"hidden\" name=\"_wpcf7_locale\" value=\"es_ES\" \/><input type=\"hidden\" name=\"_wpcf7_unit_tag\" value=\"wpcf7-f9157-o3\" \/><input type=\"hidden\" name=\"_wpcf7_container_post\" value=\"0\" \/><input type=\"hidden\" name=\"_wpcf7_posted_data_hash\" value=\"\" \/><input type=\"hidden\" name=\"_wpcf7_recaptcha_response\" value=\"\" \/><br \/>\n<\/fieldset>\n<p><label for=\"nombre-persona-de-contacto\">Nombre de la Persona de Contacto<\/label>\n<\/p>\n<p><input size=\"40\" maxlength=\"400\" aria-required=\"true\" aria-invalid=\"false\" placeholder=\"Nombre contacto\" value=\"\" type=\"text\" name=\"nombre-persona-de-contacto\" \/>\n<\/p>\n<p><label for=\"email-de-contacto\">E-mail de Contacto<\/label><br \/>\n<!-- Campo de E-mail de Contacto --><br \/>\n<input size=\"40\" maxlength=\"400\" aria-required=\"true\" aria-invalid=\"false\" placeholder=\"E-mail\" value=\"\" type=\"email\" name=\"email-de-contacto\" \/>\n<\/p>\n<p><label for=\"telefono-de-contacto\">Tel\u00e9fono de Contacto<\/label><br \/>\n<!-- Campo de Tel\u00e9fono de Contacto --><br \/>\n<input size=\"40\" maxlength=\"400\" aria-invalid=\"false\" placeholder=\"Tel\u00e9fono\" value=\"\" type=\"tel\" name=\"telefono-de-contacto\" \/>\n<\/p>\n<p><label for=\"fecha-actividad\">Fecha &#8220;ideal&#8221; para hacer la Actividad<\/label><br \/>\n<!-- Campo de Fecha para la Actividad (utilizando el complemento Datepicker) --><br \/>\n<input min=\"2025-04-01\" max=\"2025-09-30\" aria-invalid=\"false\" value=\"\" type=\"date\" name=\"fecha-actividad\" \/>\n<\/p>\n<p><label for=\"numero-de-participantes\">N\u00famero de Participantes (en caso de no saber el definitivo, poner el aproximado)<\/label><br \/>\n<!-- Campo de N\u00famero de Participantes Aproximados --><br \/>\n<input min=\"6\" max=\"60\" aria-invalid=\"false\" value=\"\" type=\"number\" name=\"numero-de-participantes\" \/>\n<\/p>\n<p><!-- Campo de Acepto la Pol\u00edtica de Privacidad (casilla de verificaci\u00f3n) --><\/p>\n<p><input type=\"checkbox\" name=\"acepto-politica-de-privacidad[]\" value=\"Acepto la Pol\u00edtica de Privacidad\" \/>Acepto la Pol\u00edtica de Privacidad\n<\/p>\n<p><!-- Bot\u00f3n de env\u00edo --><\/p>\n<p><input type=\"submit\" value=\"Enviar\" \/>\n<\/p>\n<p><input type='hidden' class='wpcf7-pum' value='{\"closepopup\":false,\"closedelay\":0,\"openpopup\":false,\"openpopup_id\":0}' \/><br \/>\n<\/form>\n<p>\t        \t620+<\/p>\n<h4>Participants <br \/>2023<\/h4>\n<p>\t        \t18+<\/p>\n<h4>Empreses <br \/>2023<\/h4>\n<p>\t        \t90+<\/p>\n<h4>Activitats <br \/>2023<\/h4>\n<h2>QU\u00c8 DIUEN DE NOSALTRES<\/h2>\n<p >Muy buena experiencia (a pesar de la cantidad de medusas&#8230;). El material de p\u00e0del surf en perfectas condiciones. Todo muy \u00e1gil y c\u00f3modo.  La chica muy amable y simp\u00e1tica. Genial la oferta del 50% que pudimos disfrutar.  Gracias.<\/p>\n<ul>\n<li><\/li>\n<li><\/li>\n<li><\/li>\n<li><\/li>\n<li><\/li>\n<\/ul>\n<p>\t\t\t\t\t\t\t\t<img loading=\"lazy\" width=\"1440\" height=\"810\" src=\"https:\/\/supandsail.com\/wp-content\/uploads\/2023\/08\/Planhkukhjtilla-Fotos-Web.jpg\" alt=\"\" decoding=\"async\" srcset=\"https:\/\/supandsail.com\/wp-content\/uploads\/2023\/08\/Planhkukhjtilla-Fotos-Web.jpg 1440w, https:\/\/supandsail.com\/wp-content\/uploads\/2023\/08\/Planhkukhjtilla-Fotos-Web-300x169.jpg 300w, https:\/\/supandsail.com\/wp-content\/uploads\/2023\/08\/Planhkukhjtilla-Fotos-Web-1024x576.jpg 1024w, https:\/\/supandsail.com\/wp-content\/uploads\/2023\/08\/Planhkukhjtilla-Fotos-Web-768x432.jpg 768w, https:\/\/supandsail.com\/wp-content\/uploads\/2023\/08\/Planhkukhjtilla-Fotos-Web-370x208.jpg 370w, https:\/\/supandsail.com\/wp-content\/uploads\/2023\/08\/Planhkukhjtilla-Fotos-Web-1170x658.jpg 1170w, https:\/\/supandsail.com\/wp-content\/uploads\/2023\/08\/Planhkukhjtilla-Fotos-Web-760x428.jpg 760w, https:\/\/supandsail.com\/wp-content\/uploads\/2023\/08\/Planhkukhjtilla-Fotos-Web-600x338.jpg 600w, https:\/\/supandsail.com\/wp-content\/uploads\/2023\/08\/Planhkukhjtilla-Fotos-Web-270x152.jpg 270w\" sizes=\"(max-width: 1440px) 100vw, 1440px\" title=\"\"><\/p>\n<p>\n\t\t\t\t\t\t\t\t\t\t\tIbel\t\t\t\t\t\t\t\t\t\t<\/p>\n<p>\t\t\t\t\t\t\t\t\t\t\t\t\t\t\t\t\t\t\t15\/08\/2023<\/p>\n<p >Muy recomendable!!! Y el trato fant\u00e1stico!!! He ido un par de veces y sin duda repetir\u00eda de nuevo! Materiales en perfecto estado!<\/p>\n<ul>\n<li><\/li>\n<li><\/li>\n<li><\/li>\n<li><\/li>\n<li><\/li>\n<\/ul>\n<p>\t\t\t\t\t\t\t\t<img loading=\"lazy\" width=\"1440\" height=\"810\" src=\"https:\/\/supandsail.com\/wp-content\/uploads\/2023\/08\/Plantillahvku-Fotos-Web.jpg\" alt=\"\" decoding=\"async\" srcset=\"https:\/\/supandsail.com\/wp-content\/uploads\/2023\/08\/Plantillahvku-Fotos-Web.jpg 1440w, https:\/\/supandsail.com\/wp-content\/uploads\/2023\/08\/Plantillahvku-Fotos-Web-300x169.jpg 300w, https:\/\/supandsail.com\/wp-content\/uploads\/2023\/08\/Plantillahvku-Fotos-Web-1024x576.jpg 1024w, https:\/\/supandsail.com\/wp-content\/uploads\/2023\/08\/Plantillahvku-Fotos-Web-768x432.jpg 768w, https:\/\/supandsail.com\/wp-content\/uploads\/2023\/08\/Plantillahvku-Fotos-Web-370x208.jpg 370w, https:\/\/supandsail.com\/wp-content\/uploads\/2023\/08\/Plantillahvku-Fotos-Web-1170x658.jpg 1170w, https:\/\/supandsail.com\/wp-content\/uploads\/2023\/08\/Plantillahvku-Fotos-Web-760x428.jpg 760w, https:\/\/supandsail.com\/wp-content\/uploads\/2023\/08\/Plantillahvku-Fotos-Web-600x338.jpg 600w, https:\/\/supandsail.com\/wp-content\/uploads\/2023\/08\/Plantillahvku-Fotos-Web-270x152.jpg 270w\" sizes=\"(max-width: 1440px) 100vw, 1440px\" title=\"\"><\/p>\n<p>\n\t\t\t\t\t\t\t\t\t\t\tMaria\t\t\t\t\t\t\t\t\t\t<\/p>\n<p>\t\t\t\t\t\t\t\t\t\t\t\t\t\t\t\t\t\t\t30\/07\/2023<\/p>\n<p >Vengo de vacaciones y se nota que estoy en Matar\u00f3, muy feliz de reservar mis dos sesiones pra p\u00e1del surf las chicas mar\u00eda y marta muy amables muy agradables, la m\u00fasica de fondo da muy buen rollo son muy sonrientes, mola Mola. Ten\u00e9is que probarlo y ver el atardecer \ud83c\udf05<\/p>\n<ul>\n<li><\/li>\n<li><\/li>\n<li><\/li>\n<li><\/li>\n<li><\/li>\n<\/ul>\n<p>\t\t\t\t\t\t\t\t<img loading=\"lazy\" width=\"800\" height=\"800\" src=\"https:\/\/supandsail.com\/wp-content\/uploads\/2023\/08\/4.jpg\" alt=\"\" decoding=\"async\" srcset=\"https:\/\/supandsail.com\/wp-content\/uploads\/2023\/08\/4.jpg 800w, https:\/\/supandsail.com\/wp-content\/uploads\/2023\/08\/4-300x300.jpg 300w, https:\/\/supandsail.com\/wp-content\/uploads\/2023\/08\/4-150x150.jpg 150w, https:\/\/supandsail.com\/wp-content\/uploads\/2023\/08\/4-768x768.jpg 768w, https:\/\/supandsail.com\/wp-content\/uploads\/2023\/08\/4-370x370.jpg 370w, https:\/\/supandsail.com\/wp-content\/uploads\/2023\/08\/4-90x90.jpg 90w, https:\/\/supandsail.com\/wp-content\/uploads\/2023\/08\/4-760x760.jpg 760w, https:\/\/supandsail.com\/wp-content\/uploads\/2023\/08\/4-270x270.jpg 270w, https:\/\/supandsail.com\/wp-content\/uploads\/2023\/08\/4-570x570.jpg 570w, https:\/\/supandsail.com\/wp-content\/uploads\/2023\/08\/4-600x600.jpg 600w\" sizes=\"(max-width: 800px) 100vw, 800px\" title=\"\"><\/p>\n<p>\n\t\t\t\t\t\t\t\t\t\t\tDunia\t\t\t\t\t\t\t\t\t\t<\/p>\n<p>\t\t\t\t\t\t\t\t\t\t\t\t\t\t\t\t\t\t\t15\/07\/2023<\/p>\n<p >Muy recomendable. El material estaba en perfectas condiciones. El pago y entrega de las tablas es super \u00e1gil y r\u00e1pido. Y, para mi, a destacar la amabilidad y buen trato recibido por parte del personal. Sin duda si tengo que volver a alquilar una tabla en Matar\u00f3 volver\u00e9!<\/p>\n<ul>\n<li><\/li>\n<li><\/li>\n<li><\/li>\n<li><\/li>\n<li><\/li>\n<\/ul>\n<p>\t\t\t\t\t\t\t\t<img loading=\"lazy\" width=\"800\" height=\"800\" src=\"https:\/\/supandsail.com\/wp-content\/uploads\/2023\/08\/6.jpg\" alt=\"\" decoding=\"async\" srcset=\"https:\/\/supandsail.com\/wp-content\/uploads\/2023\/08\/6.jpg 800w, https:\/\/supandsail.com\/wp-content\/uploads\/2023\/08\/6-300x300.jpg 300w, https:\/\/supandsail.com\/wp-content\/uploads\/2023\/08\/6-150x150.jpg 150w, https:\/\/supandsail.com\/wp-content\/uploads\/2023\/08\/6-768x768.jpg 768w, https:\/\/supandsail.com\/wp-content\/uploads\/2023\/08\/6-370x370.jpg 370w, https:\/\/supandsail.com\/wp-content\/uploads\/2023\/08\/6-90x90.jpg 90w, https:\/\/supandsail.com\/wp-content\/uploads\/2023\/08\/6-760x760.jpg 760w, https:\/\/supandsail.com\/wp-content\/uploads\/2023\/08\/6-270x270.jpg 270w, https:\/\/supandsail.com\/wp-content\/uploads\/2023\/08\/6-570x570.jpg 570w, https:\/\/supandsail.com\/wp-content\/uploads\/2023\/08\/6-600x600.jpg 600w\" sizes=\"(max-width: 800px) 100vw, 800px\" title=\"\"><\/p>\n<p>\n\t\t\t\t\t\t\t\t\t\t\tClaudia\t\t\t\t\t\t\t\t\t\t<\/p>\n<p>\t\t\t\t\t\t\t\t\t\t\t\t\t\t\t\t\t\t\t22\/07\/2023<\/p>\n<p >Nos hicieron disfrutar de una gran experiencia de padelsurf en la playa de Matar\u00f3.Material de calidad, con un equipo de profesionales que nos ayud\u00f3 desde el principio y nos guio en todo momento.Totalmente recomendable.<\/p>\n<ul>\n<li><\/li>\n<li><\/li>\n<li><\/li>\n<li><\/li>\n<li><\/li>\n<\/ul>\n<p>\t\t\t\t\t\t\t\t<img loading=\"lazy\" width=\"800\" height=\"800\" src=\"https:\/\/supandsail.com\/wp-content\/uploads\/2023\/08\/1.jpg\" alt=\"\" decoding=\"async\" srcset=\"https:\/\/supandsail.com\/wp-content\/uploads\/2023\/08\/1.jpg 800w, https:\/\/supandsail.com\/wp-content\/uploads\/2023\/08\/1-300x300.jpg 300w, https:\/\/supandsail.com\/wp-content\/uploads\/2023\/08\/1-150x150.jpg 150w, https:\/\/supandsail.com\/wp-content\/uploads\/2023\/08\/1-768x768.jpg 768w, https:\/\/supandsail.com\/wp-content\/uploads\/2023\/08\/1-370x370.jpg 370w, https:\/\/supandsail.com\/wp-content\/uploads\/2023\/08\/1-90x90.jpg 90w, https:\/\/supandsail.com\/wp-content\/uploads\/2023\/08\/1-760x760.jpg 760w, https:\/\/supandsail.com\/wp-content\/uploads\/2023\/08\/1-270x270.jpg 270w, https:\/\/supandsail.com\/wp-content\/uploads\/2023\/08\/1-570x570.jpg 570w, https:\/\/supandsail.com\/wp-content\/uploads\/2023\/08\/1-600x600.jpg 600w\" sizes=\"(max-width: 800px) 100vw, 800px\" title=\"\"><\/p>\n<p>\n\t\t\t\t\t\t\t\t\t\t\tFerran\t\t\t\t\t\t\t\t\t\t<\/p>\n<p>\t\t\t\t\t\t\t\t\t\t\t\t\t\t\t\t\t\t\t20\/08\/2022<br \/>\n\t\t\t<iframe loading=\"lazy\"\n\t\t\t\t\tsrc=\"https:\/\/maps.google.com\/maps?q=sup%26sail&#038;t=m&#038;z=11&#038;output=embed&#038;iwloc=near\"\n\t\t\t\t\ttitle=\"sup&amp;sail\"\n\t\t\t\t\taria-label=\"sup&amp;sail\"\n\t\t\t><\/iframe><\/p>\n<h2>PREGUNTES FREQ\u00dcENTS (FAQ&#8217;S)<\/h2>\n<h3>\n\t\t\t\t\t\t\tQu\u00e8 inclou exactament l&#8217;activitat de Team Building amb el Paddle Surf?<br \/>\n\t\t\t\t\t\t<\/h3>\n<p>Inclou 2 horas de <a href=\"https:\/\/supandsail.com\/paddle-surf-en-mataro-a-cualquier-edad\/\">Paddle Surf<\/a> y BIG SUP, jocs d&#8217;escalfament a la sorra, un curs de Paddle Surf en l\u00ednia previ i un kit de regal amb licra aqu\u00e0tica i descomptes.<\/p>\n<h3>\n\t\t\t\t\t\t\t\u00c9s necessari tenir experi\u00e8ncia pr\u00e8via a Paddle Surf per participar-hi?<br \/>\n\t\t\t\t\t\t<\/h3>\n<p>No cal. Oferim un curs en l\u00ednia gratu\u00eft abans de l&#8217;activitat perqu\u00e8 tots els participants puguin aprendre les t\u00e8cniques b\u00e0siques i gaudir plenament de l&#8217;experi\u00e8ncia.<\/p>\n<h3>\n\t\t\t\t\t\t\tQuina mida de grup es necessita per a l&#8217;activitat del Team Building?<br \/>\n\t\t\t\t\t\t<\/h3>\n<p>Les nostres activitats estan dissenyades per a grups de diverses mides. Contacta&#8217;ns per organitzar una experi\u00e8ncia que s&#8217;ajusti a les necessitats del teu equip.<\/p>\n<h3>\n\t\t\t\t\t\t\tQu\u00e8 passa si el clima no \u00e9s adequat per a lactivitat?<br \/>\n\t\t\t\t\t\t<\/h3>\n<p>En cas de mal temps, reprogramarem lactivitat per a una data que convingui al grup o proporcionarem un reemborsament complet.<\/p>\n<h3>\n\t\t\t\t\t\t\tQu\u00e8 han de portar els participants a l&#8217;activitat?<br \/>\n\t\t\t\t\t\t<\/h3>\n<p>Recomanem roba c\u00f2moda per a la platja, protector solar, i ganes de divertir-se. Nosaltres proporcionem tot l&#8217;equip necessari pel Paddle Surf.<\/p>\n<h3>\n\t\t\t\t\t\t\tHi ha un lloc on els participants puguin guardar les pertinences?<br \/>\n\t\t\t\t\t\t<\/h3>\n<p>S\u00ed, tenim un espai segur per guardar totes les pertinences dels participants.<\/p>\n<h3>\n\t\t\t\t\t\t\tCom es garanteix la seguretat durant l&#8217;activitat del Team Building?<br \/>\n\t\t\t\t\t\t<\/h3>\n<p>La seguretat \u00e9s la nostra prioritat. Comptem amb instructors qualificats i equip de seguretat. A m\u00e9s, totes les activitats es fan sota supervisi\u00f3 constant.<\/p>\n<p>RESERVES PER A GRUPS OBERTES PER A LA TEMPORADA 2026<\/p>\n<p>Tenim una capacitat limitada, envia la teva consulta com m\u00e9s aviat millor per poder concretar una data definitiva.<\/p>\n<p>\t\t\t<a href=\"#reserva\"><br \/>\n\t\t\t\tENVIAR SOLICITUT DE RESERVA\t\t\t<\/a><\/p>\n","protected":false},"excerpt":{"rendered":"<p>Explora Les nostres Activitats Team Building&hellip;<\/p>\n","protected":false},"author":1,"featured_media":7809,"parent":0,"menu_order":0,"comment_status":"closed","ping_status":"closed","template":"","meta":{"footnotes":"","_links_to":"","_links_to_target":""},"class_list":["post-9189","page","type-page","status-publish","has-post-thumbnail","hentry"],"_links":{"self":[{"href":"https:\/\/supandsail.com\/ca\/wp-json\/wp\/v2\/pages\/9189","targetHints":{"allow":["GET"]}}],"collection":[{"href":"https:\/\/supandsail.com\/ca\/wp-json\/wp\/v2\/pages"}],"about":[{"href":"https:\/\/supandsail.com\/ca\/wp-json\/wp\/v2\/types\/page"}],"author":[{"embeddable":true,"href":"https:\/\/supandsail.com\/ca\/wp-json\/wp\/v2\/users\/1"}],"replies":[{"embeddable":true,"href":"https:\/\/supandsail.com\/ca\/wp-json\/wp\/v2\/comments?post=9189"}],"version-history":[{"count":11,"href":"https:\/\/supandsail.com\/ca\/wp-json\/wp\/v2\/pages\/9189\/revisions"}],"predecessor-version":[{"id":13208,"href":"https:\/\/supandsail.com\/ca\/wp-json\/wp\/v2\/pages\/9189\/revisions\/13208"}],"wp:featuredmedia":[{"embeddable":true,"href":"https:\/\/supandsail.com\/ca\/wp-json\/wp\/v2\/media\/7809"}],"wp:attachment":[{"href":"https:\/\/supandsail.com\/ca\/wp-json\/wp\/v2\/media?parent=9189"}],"curies":[{"name":"wp","href":"https:\/\/api.w.org\/{rel}","templated":true}]}}